{"id":107,"date":"2022-02-08T14:24:25","date_gmt":"2022-02-08T13:24:25","guid":{"rendered":"http:\/\/www.xn--jgerschaft-schleiz-ltb.de\/WP_js-schleiz\/?page_id=107"},"modified":"2025-06-03T20:41:34","modified_gmt":"2025-06-03T18:41:34","slug":"123-2","status":"publish","type":"page","link":"http:\/\/www.xn--jgerschaft-schleiz-ltb.de\/WP_js-schleiz\/123-2\/","title":{"rendered":"\u00dcber Uns"},"content":{"rendered":"\t\t<div data-elementor-type=\"wp-page\" data-elementor-id=\"107\" class=\"elementor elementor-107\">\n\t\t\t\t\t\t<section class=\"elementor-section elementor-top-section elementor-element elementor-element-8b8743b elementor-section-boxed elementor-section-height-default elementor-section-height-default\" data-id=\"8b8743b\" data-element_type=\"section\" data-e-type=\"section\">\n\t\t\t\t\t\t<div class=\"elementor-container elementor-column-gap-default\">\n\t\t\t\t\t<div class=\"elementor-column elementor-col-100 elementor-top-column elementor-element elementor-element-e9db464\" data-id=\"e9db464\" data-element_type=\"column\" data-e-type=\"column\">\n\t\t\t<div class=\"elementor-widget-wrap elementor-element-populated\">\n\t\t\t\t\t\t<div class=\"elementor-element elementor-element-04303b4 elementor-widget elementor-widget-text-editor\" data-id=\"04303b4\" data-element_type=\"widget\" data-e-type=\"widget\" data-widget_type=\"text-editor.default\">\n\t\t\t\t<div class=\"elementor-widget-container\">\n\t\t\t\t\t\t\t\t\t<p><strong>Unsere J\u00e4gerschaft ist ein gemeinn\u00fctziger, eingetragener Verein und ist einer von drei J\u00e4gerschaften des Saale-Orla-Kreises.<\/strong><\/p>\t\t\t\t\t\t\t\t<\/div>\n\t\t\t\t<\/div>\n\t\t\t\t<div class=\"elementor-element elementor-element-58c1d3c elementor-widget elementor-widget-text-editor\" data-id=\"58c1d3c\" data-element_type=\"widget\" data-e-type=\"widget\" data-widget_type=\"text-editor.default\">\n\t\t\t\t<div class=\"elementor-widget-container\">\n\t\t\t\t\t\t\t\t\t<p>Der Vorstand der J\u00e4gerschaft besteht aus folgenden Personen:<\/p>\t\t\t\t\t\t\t\t<\/div>\n\t\t\t\t<\/div>\n\t\t\t\t<div class=\"elementor-element elementor-element-4698e55 elementor-widget-divider--view-line elementor-widget elementor-widget-divider\" data-id=\"4698e55\" data-element_type=\"widget\" data-e-type=\"widget\" data-widget_type=\"divider.default\">\n\t\t\t\t<div class=\"elementor-widget-container\">\n\t\t\t\t\t\t\t<div class=\"elementor-divider\">\n\t\t\t<span class=\"elementor-divider-separator\">\n\t\t\t\t\t\t<\/span>\n\t\t<\/div>\n\t\t\t\t\t\t<\/div>\n\t\t\t\t<\/div>\n\t\t\t\t<section class=\"elementor-section elementor-inner-section elementor-element elementor-element-0fed616 elementor-section-boxed elementor-section-height-default elementor-section-height-default\" data-id=\"0fed616\" data-element_type=\"section\" data-e-type=\"section\">\n\t\t\t\t\t\t\t<div class=\"elementor-background-overlay\"><\/div>\n\t\t\t\t\t\t\t<div class=\"elementor-container elementor-column-gap-default\">\n\t\t\t\t\t<div class=\"elementor-column elementor-col-50 elementor-inner-column elementor-element elementor-element-dfcb7e9\" data-id=\"dfcb7e9\" data-element_type=\"column\" data-e-type=\"column\">\n\t\t\t<div class=\"elementor-widget-wrap elementor-element-populated\">\n\t\t\t\t\t\t<div class=\"elementor-element elementor-element-4dda604 elementor-widget elementor-widget-image\" data-id=\"4dda604\" data-element_type=\"widget\" data-e-type=\"widget\" data-widget_type=\"image.default\">\n\t\t\t\t<div class=\"elementor-widget-container\">\n\t\t\t\t\t\t\t\t\t\t\t\t\t\t\t<img fetchpriority=\"high\" decoding=\"async\" width=\"254\" height=\"254\" src=\"http:\/\/www.xn--jgerschaft-schleiz-ltb.de\/WP_js-schleiz\/wp-content\/uploads\/2022\/02\/vorsitz_ori.png\" class=\"attachment-large size-large wp-image-221\" alt=\"\" srcset=\"http:\/\/www.xn--jgerschaft-schleiz-ltb.de\/WP_js-schleiz\/wp-content\/uploads\/2022\/02\/vorsitz_ori.png 254w, http:\/\/www.xn--jgerschaft-schleiz-ltb.de\/WP_js-schleiz\/wp-content\/uploads\/2022\/02\/vorsitz_ori-150x150.png 150w\" sizes=\"(max-width: 254px) 100vw, 254px\" \/>\t\t\t\t\t\t\t\t\t\t\t\t\t\t\t<\/div>\n\t\t\t\t<\/div>\n\t\t\t\t\t<\/div>\n\t\t<\/div>\n\t\t\t\t<div class=\"elementor-column elementor-col-50 elementor-inner-column elementor-element elementor-element-2d9b29f\" data-id=\"2d9b29f\" data-element_type=\"column\" data-e-type=\"column\">\n\t\t\t<div class=\"elementor-widget-wrap elementor-element-populated\">\n\t\t\t\t\t\t<div class=\"elementor-element elementor-element-950f527 elementor-widget elementor-widget-image\" data-id=\"950f527\" data-element_type=\"widget\" data-e-type=\"widget\" data-widget_type=\"image.default\">\n\t\t\t\t<div class=\"elementor-widget-container\">\n\t\t\t\t\t\t\t\t\t\t\t\t\t\t\t<img decoding=\"async\" width=\"254\" height=\"254\" src=\"http:\/\/www.xn--jgerschaft-schleiz-ltb.de\/WP_js-schleiz\/wp-content\/uploads\/2024\/11\/stellver_ori.png\" class=\"attachment-large size-large wp-image-921\" alt=\"\" srcset=\"http:\/\/www.xn--jgerschaft-schleiz-ltb.de\/WP_js-schleiz\/wp-content\/uploads\/2024\/11\/stellver_ori.png 254w, http:\/\/www.xn--jgerschaft-schleiz-ltb.de\/WP_js-schleiz\/wp-content\/uploads\/2024\/11\/stellver_ori-150x150.png 150w\" sizes=\"(max-width: 254px) 100vw, 254px\" \/>\t\t\t\t\t\t\t\t\t\t\t\t\t\t\t<\/div>\n\t\t\t\t<\/div>\n\t\t\t\t\t<\/div>\n\t\t<\/div>\n\t\t\t\t\t<\/div>\n\t\t<\/section>\n\t\t\t\t<section class=\"elementor-section elementor-inner-section elementor-element elementor-element-93bd426 elementor-section-boxed elementor-section-height-default elementor-section-height-default\" data-id=\"93bd426\" data-element_type=\"section\" data-e-type=\"section\">\n\t\t\t\t\t\t\t<div class=\"elementor-background-overlay\"><\/div>\n\t\t\t\t\t\t\t<div class=\"elementor-container elementor-column-gap-default\">\n\t\t\t\t\t<div class=\"elementor-column elementor-col-50 elementor-inner-column elementor-element elementor-element-0b15738\" data-id=\"0b15738\" data-element_type=\"column\" data-e-type=\"column\">\n\t\t\t<div class=\"elementor-widget-wrap elementor-element-populated\">\n\t\t\t\t\t\t<div class=\"elementor-element elementor-element-fa6eb77 elementor-widget elementor-widget-image\" data-id=\"fa6eb77\" data-element_type=\"widget\" data-e-type=\"widget\" data-widget_type=\"image.default\">\n\t\t\t\t<div class=\"elementor-widget-container\">\n\t\t\t\t\t\t\t\t\t\t\t\t\t\t\t<img decoding=\"async\" src=\"http:\/\/www.xn--jgerschaft-schleiz-ltb.de\/WP_js-schleiz\/wp-content\/uploads\/2025\/06\/Schatzmeisterin.jpg\" title=\"\" alt=\"\" loading=\"lazy\" \/>\t\t\t\t\t\t\t\t\t\t\t\t\t\t\t<\/div>\n\t\t\t\t<\/div>\n\t\t\t\t\t<\/div>\n\t\t<\/div>\n\t\t\t\t<div class=\"elementor-column elementor-col-50 elementor-inner-column elementor-element elementor-element-c89897f\" data-id=\"c89897f\" data-element_type=\"column\" data-e-type=\"column\">\n\t\t\t<div class=\"elementor-widget-wrap elementor-element-populated\">\n\t\t\t\t\t\t<div class=\"elementor-element elementor-element-d9e8199 elementor-widget elementor-widget-image\" data-id=\"d9e8199\" data-element_type=\"widget\" data-e-type=\"widget\" data-widget_type=\"image.default\">\n\t\t\t\t<div class=\"elementor-widget-container\">\n\t\t\t\t\t\t\t\t\t\t\t\t\t\t\t<img decoding=\"async\" width=\"254\" height=\"254\" src=\"http:\/\/www.xn--jgerschaft-schleiz-ltb.de\/WP_js-schleiz\/wp-content\/uploads\/2024\/11\/schriftf_ori.png\" class=\"attachment-large size-large wp-image-920\" alt=\"\" srcset=\"http:\/\/www.xn--jgerschaft-schleiz-ltb.de\/WP_js-schleiz\/wp-content\/uploads\/2024\/11\/schriftf_ori.png 254w, http:\/\/www.xn--jgerschaft-schleiz-ltb.de\/WP_js-schleiz\/wp-content\/uploads\/2024\/11\/schriftf_ori-150x150.png 150w\" sizes=\"(max-width: 254px) 100vw, 254px\" \/>\t\t\t\t\t\t\t\t\t\t\t\t\t\t\t<\/div>\n\t\t\t\t<\/div>\n\t\t\t\t\t<\/div>\n\t\t<\/div>\n\t\t\t\t\t<\/div>\n\t\t<\/section>\n\t\t\t\t<section class=\"elementor-section elementor-inner-section elementor-element elementor-element-5e0e9d4 elementor-section-boxed elementor-section-height-default elementor-section-height-default\" data-id=\"5e0e9d4\" data-element_type=\"section\" data-e-type=\"section\">\n\t\t\t\t\t\t\t<div class=\"elementor-background-overlay\"><\/div>\n\t\t\t\t\t\t\t<div class=\"elementor-container elementor-column-gap-default\">\n\t\t\t\t\t<div class=\"elementor-column elementor-col-50 elementor-inner-column elementor-element elementor-element-4d64c57\" data-id=\"4d64c57\" data-element_type=\"column\" data-e-type=\"column\">\n\t\t\t<div class=\"elementor-widget-wrap elementor-element-populated\">\n\t\t\t\t\t\t<div class=\"elementor-element elementor-element-94f9863 elementor-widget elementor-widget-image\" data-id=\"94f9863\" data-element_type=\"widget\" data-e-type=\"widget\" data-widget_type=\"image.default\">\n\t\t\t\t<div class=\"elementor-widget-container\">\n\t\t\t\t\t\t\t\t\t\t\t\t\t\t\t<img loading=\"lazy\" decoding=\"async\" width=\"254\" height=\"254\" src=\"http:\/\/www.xn--jgerschaft-schleiz-ltb.de\/WP_js-schleiz\/wp-content\/uploads\/2024\/11\/hundewes_ori.png\" class=\"attachment-large size-large wp-image-917\" alt=\"\" srcset=\"http:\/\/www.xn--jgerschaft-schleiz-ltb.de\/WP_js-schleiz\/wp-content\/uploads\/2024\/11\/hundewes_ori.png 254w, http:\/\/www.xn--jgerschaft-schleiz-ltb.de\/WP_js-schleiz\/wp-content\/uploads\/2024\/11\/hundewes_ori-150x150.png 150w\" sizes=\"(max-width: 254px) 100vw, 254px\" \/>\t\t\t\t\t\t\t\t\t\t\t\t\t\t\t<\/div>\n\t\t\t\t<\/div>\n\t\t\t\t\t<\/div>\n\t\t<\/div>\n\t\t\t\t<div class=\"elementor-column elementor-col-50 elementor-inner-column elementor-element elementor-element-ba0f108\" data-id=\"ba0f108\" data-element_type=\"column\" data-e-type=\"column\">\n\t\t\t<div class=\"elementor-widget-wrap elementor-element-populated\">\n\t\t\t\t\t\t<div class=\"elementor-element elementor-element-a85cf17 elementor-widget elementor-widget-image\" data-id=\"a85cf17\" data-element_type=\"widget\" data-e-type=\"widget\" data-widget_type=\"image.default\">\n\t\t\t\t<div class=\"elementor-widget-container\">\n\t\t\t\t\t\t\t\t\t\t\t\t\t\t\t<img loading=\"lazy\" decoding=\"async\" width=\"254\" height=\"254\" src=\"http:\/\/www.xn--jgerschaft-schleiz-ltb.de\/WP_js-schleiz\/wp-content\/uploads\/2024\/11\/jugarbei_ori.png\" class=\"attachment-large size-large wp-image-918\" alt=\"\" srcset=\"http:\/\/www.xn--jgerschaft-schleiz-ltb.de\/WP_js-schleiz\/wp-content\/uploads\/2024\/11\/jugarbei_ori.png 254w, http:\/\/www.xn--jgerschaft-schleiz-ltb.de\/WP_js-schleiz\/wp-content\/uploads\/2024\/11\/jugarbei_ori-150x150.png 150w\" sizes=\"(max-width: 254px) 100vw, 254px\" \/>\t\t\t\t\t\t\t\t\t\t\t\t\t\t\t<\/div>\n\t\t\t\t<\/div>\n\t\t\t\t\t<\/div>\n\t\t<\/div>\n\t\t\t\t\t<\/div>\n\t\t<\/section>\n\t\t\t\t<section class=\"elementor-section elementor-inner-section elementor-element elementor-element-2d588f4 elementor-section-boxed elementor-section-height-default elementor-section-height-default\" data-id=\"2d588f4\" data-element_type=\"section\" data-e-type=\"section\">\n\t\t\t\t\t\t\t<div class=\"elementor-background-overlay\"><\/div>\n\t\t\t\t\t\t\t<div class=\"elementor-container elementor-column-gap-default\">\n\t\t\t\t\t<div class=\"elementor-column elementor-col-50 elementor-inner-column elementor-element elementor-element-6ec9202\" data-id=\"6ec9202\" data-element_type=\"column\" data-e-type=\"column\">\n\t\t\t<div class=\"elementor-widget-wrap elementor-element-populated\">\n\t\t\t\t\t\t<div class=\"elementor-element elementor-element-1df9333 elementor-widget elementor-widget-image\" data-id=\"1df9333\" data-element_type=\"widget\" data-e-type=\"widget\" data-widget_type=\"image.default\">\n\t\t\t\t<div class=\"elementor-widget-container\">\n\t\t\t\t\t\t\t\t\t\t\t\t\t\t\t<img loading=\"lazy\" decoding=\"async\" width=\"254\" height=\"254\" src=\"http:\/\/www.xn--jgerschaft-schleiz-ltb.de\/WP_js-schleiz\/wp-content\/uploads\/2022\/02\/jagdschies_ori.png\" class=\"attachment-large size-large wp-image-225\" alt=\"\" srcset=\"http:\/\/www.xn--jgerschaft-schleiz-ltb.de\/WP_js-schleiz\/wp-content\/uploads\/2022\/02\/jagdschies_ori.png 254w, http:\/\/www.xn--jgerschaft-schleiz-ltb.de\/WP_js-schleiz\/wp-content\/uploads\/2022\/02\/jagdschies_ori-150x150.png 150w\" sizes=\"(max-width: 254px) 100vw, 254px\" \/>\t\t\t\t\t\t\t\t\t\t\t\t\t\t\t<\/div>\n\t\t\t\t<\/div>\n\t\t\t\t\t<\/div>\n\t\t<\/div>\n\t\t\t\t<div class=\"elementor-column elementor-col-50 elementor-inner-column elementor-element elementor-element-e5031a0\" data-id=\"e5031a0\" data-element_type=\"column\" data-e-type=\"column\">\n\t\t\t<div class=\"elementor-widget-wrap elementor-element-populated\">\n\t\t\t\t\t\t<div class=\"elementor-element elementor-element-18ad8d2 elementor-widget elementor-widget-image\" data-id=\"18ad8d2\" data-element_type=\"widget\" data-e-type=\"widget\" data-widget_type=\"image.default\">\n\t\t\t\t<div class=\"elementor-widget-container\">\n\t\t\t\t\t\t\t\t\t\t\t\t\t\t\t<img loading=\"lazy\" decoding=\"async\" width=\"254\" height=\"254\" src=\"http:\/\/www.xn--jgerschaft-schleiz-ltb.de\/WP_js-schleiz\/wp-content\/uploads\/2022\/03\/sr-bs-ori.png\" class=\"attachment-large size-large wp-image-539\" alt=\"\" srcset=\"http:\/\/www.xn--jgerschaft-schleiz-ltb.de\/WP_js-schleiz\/wp-content\/uploads\/2022\/03\/sr-bs-ori.png 254w, http:\/\/www.xn--jgerschaft-schleiz-ltb.de\/WP_js-schleiz\/wp-content\/uploads\/2022\/03\/sr-bs-ori-150x150.png 150w\" sizes=\"(max-width: 254px) 100vw, 254px\" \/>\t\t\t\t\t\t\t\t\t\t\t\t\t\t\t<\/div>\n\t\t\t\t<\/div>\n\t\t\t\t\t<\/div>\n\t\t<\/div>\n\t\t\t\t\t<\/div>\n\t\t<\/section>\n\t\t\t\t\t<\/div>\n\t\t<\/div>\n\t\t\t\t\t<\/div>\n\t\t<\/section>\n\t\t\t\t<\/div>\n\t\t","protected":false},"excerpt":{"rendered":"<p>Unsere J\u00e4gerschaft ist ein gemeinn\u00fctziger, eingetragener Verein und ist einer von drei J\u00e4gerschaften des Saale-Orla-Kreises. Der Vorstand der J\u00e4gerschaft besteht aus folgenden Personen:<\/p>\n","protected":false},"author":1,"featured_media":0,"parent":0,"menu_order":0,"comment_status":"closed","ping_status":"closed","template":"elementor_theme","meta":{"ocean_post_layout":"","ocean_both_sidebars_style":"","ocean_both_sidebars_content_width":0,"ocean_both_sidebars_sidebars_width":0,"ocean_sidebar":"0","ocean_second_sidebar":"0","ocean_disable_margins":"enable","ocean_add_body_class":"","ocean_shortcode_before_top_bar":"","ocean_shortcode_after_top_bar":"","ocean_shortcode_before_header":"","ocean_shortcode_after_header":"","ocean_has_shortcode":"","ocean_shortcode_after_title":"","ocean_shortcode_before_footer_widgets":"","ocean_shortcode_after_footer_widgets":"","ocean_shortcode_before_footer_bottom":"","ocean_shortcode_after_footer_bottom":"","ocean_display_top_bar":"default","ocean_display_header":"default","ocean_header_style":"","ocean_center_header_left_menu":"0","ocean_custom_header_template":"0","ocean_custom_logo":0,"ocean_custom_retina_logo":0,"ocean_custom_logo_max_width":0,"ocean_custom_logo_tablet_max_width":0,"ocean_custom_logo_mobile_max_width":0,"ocean_custom_logo_max_height":0,"ocean_custom_logo_tablet_max_height":0,"ocean_custom_logo_mobile_max_height":0,"ocean_header_custom_menu":"0","ocean_menu_typo_font_family":"0","ocean_menu_typo_font_subset":"","ocean_menu_typo_font_size":0,"ocean_menu_typo_font_size_tablet":0,"ocean_menu_typo_font_size_mobile":0,"ocean_menu_typo_font_size_unit":"px","ocean_menu_typo_font_weight":"","ocean_menu_typo_font_weight_tablet":"","ocean_menu_typo_font_weight_mobile":"","ocean_menu_typo_transform":"","ocean_menu_typo_transform_tablet":"","ocean_menu_typo_transform_mobile":"","ocean_menu_typo_line_height":0,"ocean_menu_typo_line_height_tablet":0,"ocean_menu_typo_line_height_mobile":0,"ocean_menu_typo_line_height_unit":"","ocean_menu_typo_spacing":0,"ocean_menu_typo_spacing_tablet":0,"ocean_menu_typo_spacing_mobile":0,"ocean_menu_typo_spacing_unit":"","ocean_menu_link_color":"","ocean_menu_link_color_hover":"","ocean_menu_link_color_active":"","ocean_menu_link_background":"","ocean_menu_link_hover_background":"","ocean_menu_link_active_background":"","ocean_menu_social_links_bg":"","ocean_menu_social_hover_links_bg":"","ocean_menu_social_links_color":"","ocean_menu_social_hover_links_color":"","ocean_disable_title":"default","ocean_disable_heading":"default","ocean_post_title":"","ocean_post_subheading":"","ocean_post_title_style":"","ocean_post_title_background_color":"","ocean_post_title_background":0,"ocean_post_title_bg_image_position":"","ocean_post_title_bg_image_attachment":"","ocean_post_title_bg_image_repeat":"","ocean_post_title_bg_image_size":"","ocean_post_title_height":0,"ocean_post_title_bg_overlay":0.5,"ocean_post_title_bg_overlay_color":"","ocean_disable_breadcrumbs":"default","ocean_breadcrumbs_color":"","ocean_breadcrumbs_separator_color":"","ocean_breadcrumbs_links_color":"","ocean_breadcrumbs_links_hover_color":"","ocean_display_footer_widgets":"default","ocean_display_footer_bottom":"default","ocean_custom_footer_template":"0","footnotes":""},"class_list":["post-107","page","type-page","status-publish","hentry","entry"],"jetpack_sharing_enabled":true,"_links":{"self":[{"href":"http:\/\/www.xn--jgerschaft-schleiz-ltb.de\/WP_js-schleiz\/wp-json\/wp\/v2\/pages\/107","targetHints":{"allow":["GET"]}}],"collection":[{"href":"http:\/\/www.xn--jgerschaft-schleiz-ltb.de\/WP_js-schleiz\/wp-json\/wp\/v2\/pages"}],"about":[{"href":"http:\/\/www.xn--jgerschaft-schleiz-ltb.de\/WP_js-schleiz\/wp-json\/wp\/v2\/types\/page"}],"author":[{"embeddable":true,"href":"http:\/\/www.xn--jgerschaft-schleiz-ltb.de\/WP_js-schleiz\/wp-json\/wp\/v2\/users\/1"}],"replies":[{"embeddable":true,"href":"http:\/\/www.xn--jgerschaft-schleiz-ltb.de\/WP_js-schleiz\/wp-json\/wp\/v2\/comments?post=107"}],"version-history":[{"count":49,"href":"http:\/\/www.xn--jgerschaft-schleiz-ltb.de\/WP_js-schleiz\/wp-json\/wp\/v2\/pages\/107\/revisions"}],"predecessor-version":[{"id":1029,"href":"http:\/\/www.xn--jgerschaft-schleiz-ltb.de\/WP_js-schleiz\/wp-json\/wp\/v2\/pages\/107\/revisions\/1029"}],"wp:attachment":[{"href":"http:\/\/www.xn--jgerschaft-schleiz-ltb.de\/WP_js-schleiz\/wp-json\/wp\/v2\/media?parent=107"}],"curies":[{"name":"wp","href":"https:\/\/api.w.org\/{rel}","templated":true}]}}