{"id":212,"date":"2022-02-22T20:08:41","date_gmt":"2022-02-22T19:08:41","guid":{"rendered":"http:\/\/www.xn--jgerschaft-schleiz-ltb.de\/WP_js-schleiz\/?page_id=212"},"modified":"2025-01-04T17:25:01","modified_gmt":"2025-01-04T16:25:01","slug":"impressum","status":"publish","type":"page","link":"http:\/\/www.xn--jgerschaft-schleiz-ltb.de\/WP_js-schleiz\/impressum\/","title":{"rendered":"Impressum"},"content":{"rendered":"\t\t<div data-elementor-type=\"wp-page\" data-elementor-id=\"212\" class=\"elementor elementor-212\">\n\t\t\t\t\t\t<section class=\"elementor-section elementor-top-section elementor-element elementor-element-19c5044 elementor-section-boxed elementor-section-height-default elementor-section-height-default\" data-id=\"19c5044\" data-element_type=\"section\" data-e-type=\"section\">\n\t\t\t\t\t\t<div class=\"elementor-container elementor-column-gap-default\">\n\t\t\t\t\t<div class=\"elementor-column elementor-col-100 elementor-top-column elementor-element elementor-element-eafad31\" data-id=\"eafad31\" data-element_type=\"column\" data-e-type=\"column\">\n\t\t\t<div class=\"elementor-widget-wrap elementor-element-populated\">\n\t\t\t\t\t\t<div class=\"elementor-element elementor-element-61ae467 elementor-widget elementor-widget-text-editor\" data-id=\"61ae467\" data-element_type=\"widget\" data-e-type=\"widget\" data-widget_type=\"text-editor.default\">\n\t\t\t\t<div class=\"elementor-widget-container\">\n\t\t\t\t\t\t\t\t\t<p><b>inRechtsgrundlage<\/b><\/p><p>Die \u201eJ\u00e4gerschaft Schleiz\u201c im Landesjagdverband Th\u00fcringen e.V. ist unter der Registriernummer VR 250425 beim Amtsgericht P\u00f6\u00dfneck, Zweigstelle Bad Lobenstein, M\u00fchlgasse 19 c, 07356 Bad Lobenstein im Vereinsregister eingetragen.<\/p><p>Steuernummer: 161\/141\/43115<\/p><p><b>Anschreiben:<\/b><br \/>J\u00e4gerschaft Schleiz e.V. <br \/>z. Hd. des Vorsitzenden\u00a0Herrn Peter Neisch, Steinsdorf 104,\u00a007570 Weida<\/p><p><b>Rechnungsanschrift:<br \/><\/b>Schatzmeisterin<span class=\"Apple-converted-space\"> Frau<\/span> Kerstin Jahn, Ortsstra\u00dfe 33, 07924 Neundorf<\/p><p>Die J\u00e4gerschaft Schleiz e.V. ist Mitglied des Landesjagdverbandes Th\u00fcringen e.V., Gesch\u00e4ftsstelle Erfurt Franz-Hals-Stra\u00dfe 6 c 99099 Erfurt, Tel.: 03613731969 \u00a0<\/p><p>Der Landesjagdverband e.V. steht uns mit Rat und Tat in allen jagdlich-rechtlichen Fragen zur Seite. Nur im gro\u00dfen Jagdverbund sind die Anforderungen der heutigen Zeit an das Weidwerk, zu bew\u00e4ltigen. \u00a0 \u00a0 \u00a0 \u00a0 \u00a0 \u00a0 \u00a0 \u00a0 \u00a0 \u00a0 \u00a0 \u00a0<\/p><p>(<a href=\"https:\/\/www.ljv-thueringen.de\">https:\/\/www.ljv-thueringen.de<\/a>)<\/p><p><b>Konzeption, Umsetzung und Wartung<\/b><\/p><p>In Eigenarbeit der J\u00e4gerschaft Schleiz e. V.<\/p>\t\t\t\t\t\t\t\t<\/div>\n\t\t\t\t<\/div>\n\t\t\t\t\t<\/div>\n\t\t<\/div>\n\t\t\t\t\t<\/div>\n\t\t<\/section>\n\t\t\t\t<\/div>\n\t\t","protected":false},"excerpt":{"rendered":"<p>inRechtsgrundlage Die \u201eJ\u00e4gerschaft Schleiz\u201c im Landesjagdverband Th\u00fcringen e.V. ist unter der Registriernummer VR 250425 beim Amtsgericht P\u00f6\u00dfneck, Zweigstelle Bad Lobenstein, M\u00fchlgasse 19 c, 07356 Bad Lobenstein im Vereinsregister eingetragen. Steuernummer: [&hellip;]<\/p>\n","protected":false},"author":1,"featured_media":0,"parent":0,"menu_order":0,"comment_status":"closed","ping_status":"closed","template":"elementor_theme","meta":{"ocean_post_layout":"","ocean_both_sidebars_style":"","ocean_both_sidebars_content_width":0,"ocean_both_sidebars_sidebars_width":0,"ocean_sidebar":"0","ocean_second_sidebar":"0","ocean_disable_margins":"enable","ocean_add_body_class":"","ocean_shortcode_before_top_bar":"","ocean_shortcode_after_top_bar":"","ocean_shortcode_before_header":"","ocean_shortcode_after_header":"","ocean_has_shortcode":"","ocean_shortcode_after_title":"","ocean_shortcode_before_footer_widgets":"","ocean_shortcode_after_footer_widgets":"","ocean_shortcode_before_footer_bottom":"","ocean_shortcode_after_footer_bottom":"","ocean_display_top_bar":"default","ocean_display_header":"default","ocean_header_style":"","ocean_center_header_left_menu":"0","ocean_custom_header_template":"0","ocean_custom_logo":0,"ocean_custom_retina_logo":0,"ocean_custom_logo_max_width":0,"ocean_custom_logo_tablet_max_width":0,"ocean_custom_logo_mobile_max_width":0,"ocean_custom_logo_max_height":0,"ocean_custom_logo_tablet_max_height":0,"ocean_custom_logo_mobile_max_height":0,"ocean_header_custom_menu":"0","ocean_menu_typo_font_family":"0","ocean_menu_typo_font_subset":"","ocean_menu_typo_font_size":0,"ocean_menu_typo_font_size_tablet":0,"ocean_menu_typo_font_size_mobile":0,"ocean_menu_typo_font_size_unit":"px","ocean_menu_typo_font_weight":"","ocean_menu_typo_font_weight_tablet":"","ocean_menu_typo_font_weight_mobile":"","ocean_menu_typo_transform":"","ocean_menu_typo_transform_tablet":"","ocean_menu_typo_transform_mobile":"","ocean_menu_typo_line_height":0,"ocean_menu_typo_line_height_tablet":0,"ocean_menu_typo_line_height_mobile":0,"ocean_menu_typo_line_height_unit":"","ocean_menu_typo_spacing":0,"ocean_menu_typo_spacing_tablet":0,"ocean_menu_typo_spacing_mobile":0,"ocean_menu_typo_spacing_unit":"","ocean_menu_link_color":"","ocean_menu_link_color_hover":"","ocean_menu_link_color_active":"","ocean_menu_link_background":"","ocean_menu_link_hover_background":"","ocean_menu_link_active_background":"","ocean_menu_social_links_bg":"","ocean_menu_social_hover_links_bg":"","ocean_menu_social_links_color":"","ocean_menu_social_hover_links_color":"","ocean_disable_title":"default","ocean_disable_heading":"default","ocean_post_title":"","ocean_post_subheading":"","ocean_post_title_style":"","ocean_post_title_background_color":"","ocean_post_title_background":0,"ocean_post_title_bg_image_position":"","ocean_post_title_bg_image_attachment":"","ocean_post_title_bg_image_repeat":"","ocean_post_title_bg_image_size":"","ocean_post_title_height":0,"ocean_post_title_bg_overlay":0.5,"ocean_post_title_bg_overlay_color":"","ocean_disable_breadcrumbs":"default","ocean_breadcrumbs_color":"","ocean_breadcrumbs_separator_color":"","ocean_breadcrumbs_links_color":"","ocean_breadcrumbs_links_hover_color":"","ocean_display_footer_widgets":"default","ocean_display_footer_bottom":"default","ocean_custom_footer_template":"0","footnotes":""},"class_list":["post-212","page","type-page","status-publish","hentry","entry"],"jetpack_sharing_enabled":true,"_links":{"self":[{"href":"http:\/\/www.xn--jgerschaft-schleiz-ltb.de\/WP_js-schleiz\/wp-json\/wp\/v2\/pages\/212","targetHints":{"allow":["GET"]}}],"collection":[{"href":"http:\/\/www.xn--jgerschaft-schleiz-ltb.de\/WP_js-schleiz\/wp-json\/wp\/v2\/pages"}],"about":[{"href":"http:\/\/www.xn--jgerschaft-schleiz-ltb.de\/WP_js-schleiz\/wp-json\/wp\/v2\/types\/page"}],"author":[{"embeddable":true,"href":"http:\/\/www.xn--jgerschaft-schleiz-ltb.de\/WP_js-schleiz\/wp-json\/wp\/v2\/users\/1"}],"replies":[{"embeddable":true,"href":"http:\/\/www.xn--jgerschaft-schleiz-ltb.de\/WP_js-schleiz\/wp-json\/wp\/v2\/comments?post=212"}],"version-history":[{"count":11,"href":"http:\/\/www.xn--jgerschaft-schleiz-ltb.de\/WP_js-schleiz\/wp-json\/wp\/v2\/pages\/212\/revisions"}],"predecessor-version":[{"id":989,"href":"http:\/\/www.xn--jgerschaft-schleiz-ltb.de\/WP_js-schleiz\/wp-json\/wp\/v2\/pages\/212\/revisions\/989"}],"wp:attachment":[{"href":"http:\/\/www.xn--jgerschaft-schleiz-ltb.de\/WP_js-schleiz\/wp-json\/wp\/v2\/media?parent=212"}],"curies":[{"name":"wp","href":"https:\/\/api.w.org\/{rel}","templated":true}]}}