{"id":335,"date":"2022-02-24T10:43:32","date_gmt":"2022-02-24T09:43:32","guid":{"rendered":"http:\/\/www.xn--jgerschaft-schleiz-ltb.de\/WP_js-schleiz\/?page_id=335"},"modified":"2022-03-02T15:06:20","modified_gmt":"2022-03-02T14:06:20","slug":"jagdrecht","status":"publish","type":"page","link":"http:\/\/www.xn--jgerschaft-schleiz-ltb.de\/WP_js-schleiz\/jagdrecht\/","title":{"rendered":"Jagdrecht"},"content":{"rendered":"\t\t<div data-elementor-type=\"wp-page\" data-elementor-id=\"335\" class=\"elementor elementor-335\">\n\t\t\t\t\t\t<section class=\"elementor-section elementor-top-section elementor-element elementor-element-4b5e024 elementor-section-boxed elementor-section-height-default elementor-section-height-default\" data-id=\"4b5e024\" data-element_type=\"section\" data-e-type=\"section\">\n\t\t\t\t\t\t<div class=\"elementor-container elementor-column-gap-default\">\n\t\t\t\t\t<div class=\"elementor-column elementor-col-100 elementor-top-column elementor-element elementor-element-87ced05\" data-id=\"87ced05\" data-element_type=\"column\" data-e-type=\"column\">\n\t\t\t<div class=\"elementor-widget-wrap elementor-element-populated\">\n\t\t\t\t\t\t<div class=\"elementor-element elementor-element-e187a25 elementor-widget elementor-widget-text-editor\" data-id=\"e187a25\" data-element_type=\"widget\" data-e-type=\"widget\" data-widget_type=\"text-editor.default\">\n\t\t\t\t<div class=\"elementor-widget-container\">\n\t\t\t\t\t\t\t\t\t<p class=\"bodytext\">Das Jagdrecht im Freistaat Th\u00fcringen umfasst eine Vielzahl von Ver\u00f6ffentlichungen in verschiedenen Gesetzbl\u00e4ttern. Es unterliegt Ver\u00e4nderungen und Aktualisierungen und ist in vielen Punkten mit angrenzenden Rechtskreisen verkn\u00fcpft.<\/p><p class=\"bodytext\">Um Ihnen die aktuellen Gesetzesinhalte allgemein zug\u00e4nglich zu machen, k\u00f6nnen Sie sich zu den Sie interessierenden Fragen auf folgender Homepage informieren: <span style=\"color: #008000;\"><a style=\"color: #008000;\" href=\"http:\/\/landesrecht.thueringen.de\/jportal\/?quelle=jlink&amp;query=JagdGAV+TH&amp;psml=bsthueprod.psml&amp;max=true\" target=\"_blank\" rel=\"noopener\">http:\/\/landesrecht.thueringen.de\/jportal\/?quelle=jlink&amp;query=JagdGAV+TH&amp;psml=bsthueprod.psml&amp;max=true<\/a><\/span><\/p><p class=\"bodytext\">Die rechtsverbindlichen Gesetzbl\u00e4tter finden Sie, soweit ben\u00f6tigt, auf der Homepage des Th\u00fcringer Landtages unter\u00a0<span style=\"color: #008000;\"><a style=\"color: #008000;\" href=\"http:\/\/www.parldok.thueringen.de\/parldok\" target=\"_blank\" rel=\"noopener\">www.parldok.thueringen.de\/parldok<\/a>\u00a0<\/span>\u00a0 &#8222;aktuelle Dokumente&#8220;<\/p><p class=\"bodytext\">Eine aktuelle Lesefassung der aktuellsten Gesetzes\u00e4nderung finden sie hier:\u00a0<span style=\"color: #008000;\"><a style=\"color: #008000;\" href=\"https:\/\/www.ljv-thueringen.de\/fileadmin\/user_upload\/pdf\/Aktuelles\/19-11-04ThJG_Lesefassung_aktuell.pdf\">Lesefassung des aktuellen Gesetzestextes<\/a><\/span><\/p>\t\t\t\t\t\t\t\t<\/div>\n\t\t\t\t<\/div>\n\t\t\t\t\t<\/div>\n\t\t<\/div>\n\t\t\t\t\t<\/div>\n\t\t<\/section>\n\t\t\t\t<\/div>\n\t\t","protected":false},"excerpt":{"rendered":"<p>Das Jagdrecht im Freistaat Th\u00fcringen umfasst eine Vielzahl von Ver\u00f6ffentlichungen in verschiedenen Gesetzbl\u00e4ttern. Es unterliegt Ver\u00e4nderungen und Aktualisierungen und ist in vielen Punkten mit angrenzenden Rechtskreisen verkn\u00fcpft. Um Ihnen die [&hellip;]<\/p>\n","protected":false},"author":1,"featured_media":0,"parent":0,"menu_order":0,"comment_status":"closed","ping_status":"closed","template":"","meta":{"ocean_post_layout":"","ocean_both_sidebars_style":"","ocean_both_sidebars_content_width":0,"ocean_both_sidebars_sidebars_width":0,"ocean_sidebar":"0","ocean_second_sidebar":"0","ocean_disable_margins":"enable","ocean_add_body_class":"","ocean_shortcode_before_top_bar":"","ocean_shortcode_after_top_bar":"","ocean_shortcode_before_header":"","ocean_shortcode_after_header":"","ocean_has_shortcode":"","ocean_shortcode_after_title":"","ocean_shortcode_before_footer_widgets":"","ocean_shortcode_after_footer_widgets":"","ocean_shortcode_before_footer_bottom":"","ocean_shortcode_after_footer_bottom":"","ocean_display_top_bar":"default","ocean_display_header":"default","ocean_header_style":"","ocean_center_header_left_menu":"0","ocean_custom_header_template":"0","ocean_custom_logo":0,"ocean_custom_retina_logo":0,"ocean_custom_logo_max_width":0,"ocean_custom_logo_tablet_max_width":0,"ocean_custom_logo_mobile_max_width":0,"ocean_custom_logo_max_height":0,"ocean_custom_logo_tablet_max_height":0,"ocean_custom_logo_mobile_max_height":0,"ocean_header_custom_menu":"0","ocean_menu_typo_font_family":"0","ocean_menu_typo_font_subset":"","ocean_menu_typo_font_size":0,"ocean_menu_typo_font_size_tablet":0,"ocean_menu_typo_font_size_mobile":0,"ocean_menu_typo_font_size_unit":"px","ocean_menu_typo_font_weight":"","ocean_menu_typo_font_weight_tablet":"","ocean_menu_typo_font_weight_mobile":"","ocean_menu_typo_transform":"","ocean_menu_typo_transform_tablet":"","ocean_menu_typo_transform_mobile":"","ocean_menu_typo_line_height":0,"ocean_menu_typo_line_height_tablet":0,"ocean_menu_typo_line_height_mobile":0,"ocean_menu_typo_line_height_unit":"","ocean_menu_typo_spacing":0,"ocean_menu_typo_spacing_tablet":0,"ocean_menu_typo_spacing_mobile":0,"ocean_menu_typo_spacing_unit":"","ocean_menu_link_color":"","ocean_menu_link_color_hover":"","ocean_menu_link_color_active":"","ocean_menu_link_background":"","ocean_menu_link_hover_background":"","ocean_menu_link_active_background":"","ocean_menu_social_links_bg":"","ocean_menu_social_hover_links_bg":"","ocean_menu_social_links_color":"","ocean_menu_social_hover_links_color":"","ocean_disable_title":"default","ocean_disable_heading":"default","ocean_post_title":"","ocean_post_subheading":"","ocean_post_title_style":"","ocean_post_title_background_color":"","ocean_post_title_background":0,"ocean_post_title_bg_image_position":"","ocean_post_title_bg_image_attachment":"","ocean_post_title_bg_image_repeat":"","ocean_post_title_bg_image_size":"","ocean_post_title_height":0,"ocean_post_title_bg_overlay":0.5,"ocean_post_title_bg_overlay_color":"","ocean_disable_breadcrumbs":"default","ocean_breadcrumbs_color":"","ocean_breadcrumbs_separator_color":"","ocean_breadcrumbs_links_color":"","ocean_breadcrumbs_links_hover_color":"","ocean_display_footer_widgets":"default","ocean_display_footer_bottom":"default","ocean_custom_footer_template":"0","footnotes":""},"class_list":["post-335","page","type-page","status-publish","hentry","entry"],"jetpack_sharing_enabled":true,"_links":{"self":[{"href":"http:\/\/www.xn--jgerschaft-schleiz-ltb.de\/WP_js-schleiz\/wp-json\/wp\/v2\/pages\/335","targetHints":{"allow":["GET"]}}],"collection":[{"href":"http:\/\/www.xn--jgerschaft-schleiz-ltb.de\/WP_js-schleiz\/wp-json\/wp\/v2\/pages"}],"about":[{"href":"http:\/\/www.xn--jgerschaft-schleiz-ltb.de\/WP_js-schleiz\/wp-json\/wp\/v2\/types\/page"}],"author":[{"embeddable":true,"href":"http:\/\/www.xn--jgerschaft-schleiz-ltb.de\/WP_js-schleiz\/wp-json\/wp\/v2\/users\/1"}],"replies":[{"embeddable":true,"href":"http:\/\/www.xn--jgerschaft-schleiz-ltb.de\/WP_js-schleiz\/wp-json\/wp\/v2\/comments?post=335"}],"version-history":[{"count":8,"href":"http:\/\/www.xn--jgerschaft-schleiz-ltb.de\/WP_js-schleiz\/wp-json\/wp\/v2\/pages\/335\/revisions"}],"predecessor-version":[{"id":378,"href":"http:\/\/www.xn--jgerschaft-schleiz-ltb.de\/WP_js-schleiz\/wp-json\/wp\/v2\/pages\/335\/revisions\/378"}],"wp:attachment":[{"href":"http:\/\/www.xn--jgerschaft-schleiz-ltb.de\/WP_js-schleiz\/wp-json\/wp\/v2\/media?parent=335"}],"curies":[{"name":"wp","href":"https:\/\/api.w.org\/{rel}","templated":true}]}}