{"id":337,"date":"2022-02-24T10:32:13","date_gmt":"2022-02-24T09:32:13","guid":{"rendered":"http:\/\/www.xn--jgerschaft-schleiz-ltb.de\/WP_js-schleiz\/?page_id=337"},"modified":"2025-01-04T17:39:01","modified_gmt":"2025-01-04T16:39:01","slug":"aktuelles-vom-landesjagdverband-thueringen-e-v","status":"publish","type":"page","link":"http:\/\/www.xn--jgerschaft-schleiz-ltb.de\/WP_js-schleiz\/aktuelles-vom-landesjagdverband-thueringen-e-v\/","title":{"rendered":"Aktuelles vom Landesjagdverband Th\u00fcringen e. V."},"content":{"rendered":"\t\t<div data-elementor-type=\"wp-page\" data-elementor-id=\"337\" class=\"elementor elementor-337\">\n\t\t\t\t\t\t<section class=\"elementor-section elementor-top-section elementor-element elementor-element-b23d17b elementor-section-boxed elementor-section-height-default elementor-section-height-default\" data-id=\"b23d17b\" data-element_type=\"section\" data-e-type=\"section\">\n\t\t\t\t\t\t<div class=\"elementor-container elementor-column-gap-default\">\n\t\t\t\t\t<div class=\"elementor-column elementor-col-100 elementor-top-column elementor-element elementor-element-1d7d424\" data-id=\"1d7d424\" data-element_type=\"column\" data-e-type=\"column\">\n\t\t\t<div class=\"elementor-widget-wrap elementor-element-populated\">\n\t\t\t\t\t\t<div class=\"elementor-element elementor-element-b479568 elementor-widget elementor-widget-wp-widget-text\" data-id=\"b479568\" data-element_type=\"widget\" data-e-type=\"widget\" data-widget_type=\"wp-widget-text.default\">\n\t\t\t\t<div class=\"elementor-widget-container\">\n\t\t\t\t\t<h5>03.01.2025 Aufruf zur Demonstration!!!<\/h5>\t\t\t<div class=\"textwidget\"><p><span style=\"font-family: Arial;font-size: medium\"><span data-olk-copy-source=\"MessageBody\">Am\u00a0<\/span><\/span><span style=\"font-family: Arial;font-size: medium\"><b>30. Januar 2025 <\/b><\/span><span style=\"font-family: Arial;font-size: medium\">ab\u00a0<\/span><span style=\"font-family: Arial;font-size: medium\"><b>10.00 Uhr\u00a0<\/b><\/span><span style=\"font-family: Arial;font-size: medium\">findet in Hannover eine\u00a0<\/span><span style=\"font-family: Arial;font-size: medium\"><b>Demonstration\u00a0<\/b><\/span><span style=\"font-family: Arial;font-size: medium\">des Landesjagdverbandes Niedersachsen unter dem Motto:<\/span><\/p>\n<p><b><\/b><span style=\"font-family: Arial;font-size: large\"><b>Jetzt geht\u2019s ums Ganze &#8211; Jagd sichern, Natur bewahren!\u00a0<\/b><\/span><\/p>\n<p><span style=\"font-family: Arial;font-size: medium\">statt. Dort wird es\u00a0ab 10.00 Uhr\u00a0eine Auftaktkundgebung geben, bevor wir uns mit\u00a0<\/span><span style=\"font-family: Arial;font-size: medium\"><b>Jagdh\u00f6rnern\u00a0<\/b><\/span><span style=\"font-family: Arial;font-size: medium\">und\u00a0<\/span><span style=\"font-family: Arial;font-size: medium\"><b>orange-farbiger Warnkleidung\u00a0<\/b><\/span><span style=\"font-family: Arial;font-size: medium\">gemeinsam zum nieders\u00e4chsischen Landtag begeben.\u00a0<\/span><\/p>\n<p><span style=\"font-family: Arial;font-size: medium\">Der Erfolg eines gemeinsamen Protestes h\u00e4ngt entscheidend davon ab, wie geschlossen die organisierten, bundesweiten Landesjagdverb\u00e4nde\u00a0am 30. Januar\u00a0in Hannover auftreten.\u00a0<\/span><\/p>\n<p><span style=\"font-family: Arial;font-size: medium\"><b>Nun ist der Zeitpunkt gekommen, an dem jede J\u00e4gerin und jeder J\u00e4ger etwas dazu beitragen kann und muss, damit unsere Jagd zukunftsf\u00e4hig bleibt<\/b><\/span><span style=\"font-family: Arial;font-size: medium\">!<\/span><\/p>\n<p><span style=\"font-family: Arial;font-size: medium\">Die J\u00e4gerschaft Gera e. V. wird\u00a0am 30. Januar 2025\u00a0ab ca.\u00a006.30 Uhr\u00a0von Gera aus mit einem\/mehreren Bussen (jeweils 50 Sitzpl\u00e4tze) nach Hannover fahren und dem Aufruf des LJV Niedersachsen e. V. folgen.<\/span><\/p>\n<p><span style=\"font-family: Arial;font-size: medium\">Bis zum\u00a0<\/span><span style=\"font-family: Arial;font-size: large\"><b><u>14. Januar 2025<\/u><\/b><\/span><span style=\"font-family: Arial;font-size: medium\">\u00a0erbitte ich eure R\u00fcckmeldungen, wer dieses Angebot in welchem Umfang nutzen m\u00f6chte. Aus o. g. Grund erfolgt bei geplanter Teilnahme die \u00dcberweisung in folgender Form:<\/span><\/p>\n<p><span style=\"font-family: Arial;font-size: large\"><b>Kontoinhaber:<\/b><\/span><span style=\"font-family: Arial;font-size: large\">\u00a0 JS Gera Schatzmeister<\/span><\/p>\n<p><span style=\"font-family: Arial;font-size: large\"><b>IBAN:<\/b><\/span><span style=\"font-family: Arial;font-size: large\">\u00a0 DE08 8305 0000 0001 5493 24<\/span><\/p>\n<p><span style=\"font-family: Arial;font-size: large\"><b>BIC:<\/b><\/span><span style=\"font-family: Arial;font-size: large\">\u00a0 HELADEF1GER<\/span><\/p>\n<p><span style=\"font-family: Arial;font-size: large\"><b>Verwendungszweck:<\/b><\/span><span style=\"font-family: Arial;font-size: large\">\u00a030.01.25, Name, J\u00e4gerschaft, Mobilnummer<\/span><\/p>\n<p><span style=\"font-family: Arial;font-size: large\"><b>Betrag:<\/b><\/span><span style=\"font-family: Arial;font-size: large\">\u00a0 35,00 EUR<\/span><\/p>\n<p><span style=\"font-family: Arial;font-size: medium\">Weitere Informationen erfolgen so bald feststeht, wie viel J\u00e4gerinnen und J\u00e4ger sich\u00a0am 30.01.2025beteiligen werden.<\/span><\/p>\n<p><span style=\"font-family: Arial;font-size: medium\">Unter folgendem Link l\u00e4sst sich der Aufruf der Niedersachsen nachlesen:\u00a0<\/span><a title=\"https:\/\/www.ljn.de\/news\" href=\"https:\/\/www.ljn.de\/news\" data-auth=\"NotApplicable\" data-linkindex=\"0\"><span style=\"color: #0000ff;font-family: Arial;font-size: medium\">https:\/\/www.ljn.de\/news<\/span><\/a><span style=\"font-family: Arial;font-size: medium\">.<\/span><\/p>\n<p>&nbsp;<\/p>\n<p><span style=\"font-family: Arial;font-size: medium\">Mit Weidmannsheil gr\u00fc\u00dft<\/span><\/p>\n<p><span style=\"font-family: Arial;font-size: medium\">Thomas Widling (<\/span><a title=\"mailto:widling@hotmail.de\" href=\"mailto:widling@hotmail.de\" data-linkindex=\"1\"><span style=\"color: #0082bf;font-family: Arial;font-size: medium\"><u>widling@hotmail.de<\/u><\/span><\/a><span style=\"font-family: Arial;font-size: medium\">, Mobil\u00a00179 9220451)<\/span><\/p>\n<p><span style=\"font-family: Arial;font-size: medium\">LJV Th\u00fcringen e. V.<\/span><\/p>\n<\/div>\n\t\t\t\t\t\t<\/div>\n\t\t\t\t<\/div>\n\t\t\t\t\t<\/div>\n\t\t<\/div>\n\t\t\t\t\t<\/div>\n\t\t<\/section>\n\t\t\t\t<section class=\"elementor-section elementor-top-section elementor-element elementor-element-612cf4c4 elementor-section-boxed elementor-section-height-default elementor-section-height-default\" data-id=\"612cf4c4\" data-element_type=\"section\" data-e-type=\"section\">\n\t\t\t\t\t\t<div class=\"elementor-container elementor-column-gap-default\">\n\t\t\t\t\t<div class=\"elementor-column elementor-col-100 elementor-top-column elementor-element elementor-element-5790a61f\" data-id=\"5790a61f\" data-element_type=\"column\" data-e-type=\"column\">\n\t\t\t<div class=\"elementor-widget-wrap elementor-element-populated\">\n\t\t\t\t\t\t<div class=\"elementor-element elementor-element-702d5d25 elementor-widget elementor-widget-text-editor\" data-id=\"702d5d25\" data-element_type=\"widget\" data-e-type=\"widget\" data-widget_type=\"text-editor.default\">\n\t\t\t\t<div class=\"elementor-widget-container\">\n\t\t\t\t\t\t\t\t\t\n<blockquote class=\"wp-block-quote is-layout-flow wp-block-quote-is-layout-flow\">\n<h3 class=\"wp-block-heading\">29.11.2024 | Rotwildgenetik Projekt\u00a0<\/h3>\n<\/blockquote>\n\n<p>Liebe Waidgenossen und Waidgenossinen wie Ihr sicherlich wisst steht es um die Zukunft unseres Rotwildes nicht gut und die genetische Verarmung schreitet voran.<\/p>\n\n<p>Aus diesem Grund ist ein neues Projekt ins Leben gerufen wurden um festzustellen wie schlimm die Situation ist und als Grundlage f\u00fcr zuk\u00fcnftige Schutzprogramme.<\/p>\n\n<p>Daf\u00fcr k\u00f6nnen wir alle etwas beitragen.<\/p>\n\n<p>Um unseren K\u00f6nig des Waldes eine Chance zu geben.<\/p>\n\n<p>Deswegen bitten wir euch alle Proben von erlegten Rotwild zu sammeln und diese dem Projekt beizusteuern.<\/p>\n\n<p>Gerne k\u00f6nnt ihr die Proben in der Unteren Jagdbeh\u00f6rde im Landratsamt Schleiz abgeben oder Sie selber einfrieren melden und sie werden dann zu gegebener Zeit bei euch abholen.<\/p>\n\n<p>Z<strong style=\"font-size: revert;\">iel ist es, das noch laufende Jagdjahr mit den anstehenden Gesellschaftsjagden zur Probengewinnung zu nutzen, um f\u00fcr die ab 2025 bis 2026 an der Uni Gie\u00dfen laufenden Genuntersuchungen ausreichendes Probenmaterial m\u00f6glichst fl\u00e4chendeckend entsprechend der tats\u00e4chlichen Rotwildvorkommen zu gewinnen. Das \u201eRotwildgenetik-Projekt\u201c wird aus Mitteln der Jagdabgabe unterst\u00fctzt und ist mit seinen Ergebnissen von bundesweiter Bedeutung f\u00fcr den Artenschutz und die k\u00fcnftige nachhaltige Bewirtschaftung unserer gr\u00f6\u00dften heimischen Hirschart.<\/strong><\/p>\n\n<p><strong>Insbesondere aus den in Anlage ersichtlichen gelb und rot markierten Gebieten werden dringend weitere Genproben ben\u00f6tigt, um eine Aussage zum Wanderverhalten und zur Vernetzung der Einstandsgebiete zu konkretisieren.<\/strong><\/p>\n\n<p><strong>Hier bedeutet:<\/strong><\/p>\n\n<ul class=\"wp-block-list\">\n<li><strong> Gr\u00fcn: Ausreichende Probenanzahl angek\u00fcndigt<\/strong><\/li>\n\n<li><strong> Orange: Hier werden f\u00fcr das sichere Erreichen der Mindestmenge noch Proben ben\u00f6tigt<\/strong><\/li>\n\n<li><strong> Rot: Hier gibt es bislang keinen Kontakt, es besteht dringender Bedarf an mindestens 60 Gewebeproben<\/strong><\/li>\n<\/ul>\n\n<p><strong>Zus\u00e4tzlich werden noch Proben von Rw-Populationen au\u00dferhalb der Vorkommensgebiete ben\u00f6tigt. Zum Beispiel aus Gebieten wie NP Hainich, Hohe Schrecke, und der Population Richtung Sachsen-Anhalt im Raum des Kyffh\u00e4user Forstes. Auch aus Bereichen in denen die Mindestanzahl von Proben erwartungsgem\u00e4\u00df erf\u00fcllt wird (gr\u00fcn) sind wir f\u00fcr weitere Kontakte und Proben dankbar. Eine feinere Unterteilung der Probengebiete im Laufe des Projektes auf Grund neuer Erkenntnisse bzgl. aktuell unbekannter Barrieren kann erforderlich werden &#8211; sodass dadurch zus\u00e4tzliche Proben ben\u00f6tigt werden.<\/strong><\/p>\n<p><a href=\"http:\/\/www.xn--jgerschaft-schleiz-ltb.de\/WP_js-schleiz\/wp-content\/uploads\/2024\/11\/Etikett_Proben_Thueringen-1.pdf\" class=\"pdfemb-viewer\" style=\"width:500px;height:700px;\" data-width=\"500\" data-height=\"700\" data-toolbar=\"bottom\" data-toolbar-fixed=\"off\">Etikett_Proben_Th\u00fcringen<\/a><\/p>\n\n<figure class=\"wp-block-image\"><img fetchpriority=\"high\" decoding=\"async\" width=\"1007\" height=\"698\" class=\"wp-image-941\" src=\"http:\/\/www.xn--jgerschaft-schleiz-ltb.de\/WP_js-schleiz\/wp-content\/uploads\/2024\/11\/screenshot_20241129-23005726062792251673900835.jpg\" alt=\"\" srcset=\"http:\/\/www.xn--jgerschaft-schleiz-ltb.de\/WP_js-schleiz\/wp-content\/uploads\/2024\/11\/screenshot_20241129-23005726062792251673900835.jpg 1007w, http:\/\/www.xn--jgerschaft-schleiz-ltb.de\/WP_js-schleiz\/wp-content\/uploads\/2024\/11\/screenshot_20241129-23005726062792251673900835-300x208.jpg 300w, http:\/\/www.xn--jgerschaft-schleiz-ltb.de\/WP_js-schleiz\/wp-content\/uploads\/2024\/11\/screenshot_20241129-23005726062792251673900835-768x532.jpg 768w\" sizes=\"(max-width: 1007px) 100vw, 1007px\" \/><\/figure>\n\n<p>\u00a0<\/p>\n\n<h3 class=\"wp-block-heading\">17.08.2023 | Ergebnisse der Jagdstrecke 2022\/23<\/h3>\n\n<p>Ergebnisse der Jagdstrecke 2022\/23<\/p>\n\n<p>Bitte orientieren Sie sich zu den Ergebnissen der Jagdstrecke des Jagdjahres 2022\/23 auf der in Anlage beigef\u00fcgten Pressemeldung des TMIL. Eine detaillierte Auswertung der Jagdstrecke wird bei Vorliegen der detaillierten Zahlen und Fakten aus den Kreise unseres Freistaates in unserer Verbandszeitung und in der j\u00e4hrlich erscheinenden Brosch\u00fcre \u201eJagdstreckenauswertung f\u00fcr die bedeutsamsten Wildarten des Freistaates\u201c erfolgen.<\/p>\n\n<p><iframe style=\"display: block; margin-left: auto; margin-right: auto; width: 640px; height: 765px;\" src=\"https:\/\/docs.google.com\/viewer?url=https:\/\/www.ljv-thueringen.de\/fileadmin\/user_upload\/pdf\/Aktuelles\/23-08-04_PM_Jagdstrecke.pdf&amp;embedded=true\" frameborder=\"1\" marginwidth=\"0px\" marginheight=\"0px\" allowfullscreen=\"allowfullscreen\"><\/iframe><\/p>\n\n<h3 class=\"wp-block-heading\">17.07.2023 | SVLFG \u00e4nderte Hinweise zur Unfallverh\u00fctungsvorschrift \u201eJagd\u201c<\/h3>\n\n<p>Im Rahmen der bei bevorstehenden Erntejagden wieder erh\u00f6hten Unfallgefahren erfolgte durch die SVLFG eine \u00c4nderung der entsprechenden Hinweise. Dabei geht es um erh\u00f6hte Ansitzeinrichtungen bei Erntejagden und Signalkleidung bei Gesellschaftsjagden. Die SVLFG selbst schriebt im Vorblatt zu den Hinweisen: <b>\u201eDie Hinweise geben vornehmlich an, wie die in der Unfallverh\u00fctungsvorschrift normierten Schutzziele erreicht werden k\u00f6nnen. Sie schlie\u00dfen andere, mindestens ebenso sichere L\u00f6sungen nicht aus oder enthalten dar\u00fcber hinaus weitere Erl\u00e4uterungen zu dieser Unfallverh\u00fctungsvorschrift.\u201c<\/b><\/p>\n\n<p>Zu Erntejagden hei\u00dft es in den Hinweisen (zu \u00a7 3 Abs. 4 UVV) nunmehr: <b>\u201eEine Gef\u00e4hrdung ist z. B. dann gegeben, wenn [\u2026] bei Erntejagden die Schussabgabe ohne erh\u00f6hte jagdliche Einrichtung und ohne Beschr\u00e4nkung der Schussentfernung erfolgt.\u201c<\/b><\/p>\n\n<p>Bei der farblichen Abhebung von der Umgebung bei Gesellschaftsjagden entf\u00e4llt in den Hinweise das Hutband. Es hei\u00dft nunmehr <b>\u201eZur deutlichen farblichen Abhebung von der Umgebung eignet sich gro\u00dffl\u00e4chige Oberbekleidung in Signalfarbe wie z. B. Warnwesten.\u201c<\/b> Dies entspricht auch dem mittlerweile etablierten Standard.<\/p>\n\n<p><iframe style=\"display: block; margin-left: auto; margin-right: auto; width: 640px; height: 1020px;\" src=\"https:\/\/docs.google.com\/viewer?url=https:\/\/www.ljv-thueringen.de\/fileadmin\/user_upload\/pdf\/Aktuelles\/vsg4_4-jagd.pdf&amp;embedded=true\" frameborder=\"1\" marginwidth=\"0px\" marginheight=\"0px\" allowfullscreen=\"allowfullscreen\"><\/iframe><\/p>\n\n<p>\u00a0<\/p>\n\t\t\t\t\t\t\t\t<\/div>\n\t\t\t\t<\/div>\n\t\t\t\t\t<\/div>\n\t\t<\/div>\n\t\t\t\t\t<\/div>\n\t\t<\/section>\n\t\t\t\t<section class=\"elementor-section elementor-top-section elementor-element elementor-element-a334753 elementor-section-boxed elementor-section-height-default elementor-section-height-default\" data-id=\"a334753\" data-element_type=\"section\" data-e-type=\"section\">\n\t\t\t\t\t\t<div class=\"elementor-container elementor-column-gap-default\">\n\t\t\t\t\t<div class=\"elementor-column elementor-col-100 elementor-top-column elementor-element elementor-element-c082982\" data-id=\"c082982\" data-element_type=\"column\" data-e-type=\"column\">\n\t\t\t<div class=\"elementor-widget-wrap elementor-element-populated\">\n\t\t\t\t\t\t<div class=\"elementor-element elementor-element-6be4b16 elementor-widget elementor-widget-video\" data-id=\"6be4b16\" data-element_type=\"widget\" data-e-type=\"widget\" data-settings=\"{&quot;youtube_url&quot;:&quot;https:\\\/\\\/www.youtube.com\\\/watch?v=XHOmBV4js_E&quot;,&quot;video_type&quot;:&quot;youtube&quot;,&quot;controls&quot;:&quot;yes&quot;}\" data-widget_type=\"video.default\">\n\t\t\t\t<div class=\"elementor-widget-container\">\n\t\t\t\t\t\t\t<div class=\"elementor-wrapper elementor-open-inline\">\n\t\t\t<div class=\"elementor-video\"><\/div>\t\t<\/div>\n\t\t\t\t\t\t<\/div>\n\t\t\t\t<\/div>\n\t\t\t\t\t<\/div>\n\t\t<\/div>\n\t\t\t\t\t<\/div>\n\t\t<\/section>\n\t\t\t\t<\/div>\n\t\t","protected":false},"excerpt":{"rendered":"<p>29.11.2024 | Rotwildgenetik Projekt\u00a0 Liebe Waidgenossen und Waidgenossinen wie Ihr sicherlich wisst steht es um die Zukunft unseres Rotwildes nicht gut und die genetische Verarmung schreitet voran. Aus diesem Grund [&hellip;]<\/p>\n","protected":false},"author":1,"featured_media":0,"parent":0,"menu_order":0,"comment_status":"closed","ping_status":"closed","template":"","meta":{"ocean_post_layout":"","ocean_both_sidebars_style":"","ocean_both_sidebars_content_width":0,"ocean_both_sidebars_sidebars_width":0,"ocean_sidebar":"0","ocean_second_sidebar":"0","ocean_disable_margins":"enable","ocean_add_body_class":"","ocean_shortcode_before_top_bar":"","ocean_shortcode_after_top_bar":"","ocean_shortcode_before_header":"","ocean_shortcode_after_header":"","ocean_has_shortcode":"","ocean_shortcode_after_title":"","ocean_shortcode_before_footer_widgets":"","ocean_shortcode_after_footer_widgets":"","ocean_shortcode_before_footer_bottom":"","ocean_shortcode_after_footer_bottom":"","ocean_display_top_bar":"default","ocean_display_header":"default","ocean_header_style":"","ocean_center_header_left_menu":"0","ocean_custom_header_template":"0","ocean_custom_logo":0,"ocean_custom_retina_logo":0,"ocean_custom_logo_max_width":0,"ocean_custom_logo_tablet_max_width":0,"ocean_custom_logo_mobile_max_width":0,"ocean_custom_logo_max_height":0,"ocean_custom_logo_tablet_max_height":0,"ocean_custom_logo_mobile_max_height":0,"ocean_header_custom_menu":"0","ocean_menu_typo_font_family":"0","ocean_menu_typo_font_subset":"","ocean_menu_typo_font_size":0,"ocean_menu_typo_font_size_tablet":0,"ocean_menu_typo_font_size_mobile":0,"ocean_menu_typo_font_size_unit":"px","ocean_menu_typo_font_weight":"","ocean_menu_typo_font_weight_tablet":"","ocean_menu_typo_font_weight_mobile":"","ocean_menu_typo_transform":"","ocean_menu_typo_transform_tablet":"","ocean_menu_typo_transform_mobile":"","ocean_menu_typo_line_height":0,"ocean_menu_typo_line_height_tablet":0,"ocean_menu_typo_line_height_mobile":0,"ocean_menu_typo_line_height_unit":"","ocean_menu_typo_spacing":0,"ocean_menu_typo_spacing_tablet":0,"ocean_menu_typo_spacing_mobile":0,"ocean_menu_typo_spacing_unit":"","ocean_menu_link_color":"","ocean_menu_link_color_hover":"","ocean_menu_link_color_active":"","ocean_menu_link_background":"","ocean_menu_link_hover_background":"","ocean_menu_link_active_background":"","ocean_menu_social_links_bg":"","ocean_menu_social_hover_links_bg":"","ocean_menu_social_links_color":"","ocean_menu_social_hover_links_color":"","ocean_disable_title":"default","ocean_disable_heading":"default","ocean_post_title":"","ocean_post_subheading":"","ocean_post_title_style":"","ocean_post_title_background_color":"","ocean_post_title_background":0,"ocean_post_title_bg_image_position":"","ocean_post_title_bg_image_attachment":"","ocean_post_title_bg_image_repeat":"","ocean_post_title_bg_image_size":"","ocean_post_title_height":0,"ocean_post_title_bg_overlay":0.5,"ocean_post_title_bg_overlay_color":"","ocean_disable_breadcrumbs":"default","ocean_breadcrumbs_color":"","ocean_breadcrumbs_separator_color":"","ocean_breadcrumbs_links_color":"","ocean_breadcrumbs_links_hover_color":"","ocean_display_footer_widgets":"default","ocean_display_footer_bottom":"default","ocean_custom_footer_template":"0","footnotes":""},"class_list":["post-337","page","type-page","status-publish","hentry","entry"],"jetpack_sharing_enabled":true,"_links":{"self":[{"href":"http:\/\/www.xn--jgerschaft-schleiz-ltb.de\/WP_js-schleiz\/wp-json\/wp\/v2\/pages\/337","targetHints":{"allow":["GET"]}}],"collection":[{"href":"http:\/\/www.xn--jgerschaft-schleiz-ltb.de\/WP_js-schleiz\/wp-json\/wp\/v2\/pages"}],"about":[{"href":"http:\/\/www.xn--jgerschaft-schleiz-ltb.de\/WP_js-schleiz\/wp-json\/wp\/v2\/types\/page"}],"author":[{"embeddable":true,"href":"http:\/\/www.xn--jgerschaft-schleiz-ltb.de\/WP_js-schleiz\/wp-json\/wp\/v2\/users\/1"}],"replies":[{"embeddable":true,"href":"http:\/\/www.xn--jgerschaft-schleiz-ltb.de\/WP_js-schleiz\/wp-json\/wp\/v2\/comments?post=337"}],"version-history":[{"count":45,"href":"http:\/\/www.xn--jgerschaft-schleiz-ltb.de\/WP_js-schleiz\/wp-json\/wp\/v2\/pages\/337\/revisions"}],"predecessor-version":[{"id":998,"href":"http:\/\/www.xn--jgerschaft-schleiz-ltb.de\/WP_js-schleiz\/wp-json\/wp\/v2\/pages\/337\/revisions\/998"}],"wp:attachment":[{"href":"http:\/\/www.xn--jgerschaft-schleiz-ltb.de\/WP_js-schleiz\/wp-json\/wp\/v2\/media?parent=337"}],"curies":[{"name":"wp","href":"https:\/\/api.w.org\/{rel}","templated":true}]}}