{"id":493,"date":"2022-03-21T11:29:00","date_gmt":"2022-03-21T10:29:00","guid":{"rendered":"http:\/\/www.xn--jgerschaft-schleiz-ltb.de\/WP_js-schleiz\/?page_id=493"},"modified":"2024-11-14T20:53:34","modified_gmt":"2024-11-14T19:53:34","slug":"aktuelles-2","status":"publish","type":"page","link":"http:\/\/www.xn--jgerschaft-schleiz-ltb.de\/WP_js-schleiz\/aktuelles-2\/","title":{"rendered":"Aktuelles"},"content":{"rendered":"<h1>Projekte &#8211; Informationen \u00fcber Tierseuchen in Th\u00fcringen (Freistaat Th\u00fcringen, Landesamt f\u00fcr Verbraucherschutz)<\/h1>\n<p>\u00a0Auf dieser interaktiven Karte sind alle Th\u00fcringer Gemeinden darstellt, in denen positive Aujeszky-Befunde beim Wildschwein vorkamen. Hierbei handelt es sich um Antik\u00f6rperbefunde gegen das Aujeszky-Virus beim Wildschwein. Diese Karte ist v.a. als Information f\u00fcr die J\u00e4gerschaft gedacht.\u00a0<br \/>\n\t\t\t<a href=\"https:\/\/tierseuchen.thueringen.de\/\" target=\"_blank\" role=\"button\" rel=\"noopener\"><br \/>\n\t\t\t\t\t\tTierseuchen in Th\u00fcringen<br \/>\n\t\t\t\t\t<\/a><\/p>\n<p style=\"font-weight: 400;\">Am 18.07. informierte das LRA Schmalkalden-Meiningen \u00fcber den Nachweis der TULAR\u00c4MIE bei einem tot gefundenen Hasen im Jagdgebiet Rohr (S\u00fcdth\u00fcringen). Die bakteriell verursachte Erkrankung, auch als \u201eNager- oder Hasenpest\u201c bekannt, ist auch auf den Menschen \u00fcbertragbar (Zoonose). Insbesondere bei Hasen und Kaninchen sind seuchenhafte Verl\u00e4ufe mit hoher Sterblichkeit bekannt. Betroffene Tiere magern ab, zeigen struppiges Fell, schwankenden Gang und werden apathisch. Aufgrund von Entkr\u00e4ftung k\u00f6nnen sie ihre nat\u00fcrliche Scheu verlieren. Bei ungesch\u00fctztem Kontakt mit infizierten Wildtieren durch den Menschen kann es leicht zur \u00dcbertragung der Krankheit auf diesen kommen. Die Inkubationszeit betr\u00e4gt 3 bis 10 Tage, die Erkrankungsdauer 2 bis 3 Wochen mit l\u00e4ngerer Rekonvaleszenz. Die Krankheit beginnt mit unspezifischen grippeartigen Symptomen. Bei menschlicher Erkrankung sind verschiedene Verlaufsformen der Erkrankung bekannt. Eine erfolgreiche Behandlung ist bei rechtzeitiger Diagnose mit Antibiotika m\u00f6glich. Als vorbeugende Ma\u00dfnahmen werden empfohlen:<\/p>\n<ul>\n<li style=\"font-weight: 400;\">Vermeidung von ungesch\u00fctzten Kontakt zu Kadavern von Wildtieren<\/li>\n<li style=\"font-weight: 400;\">Einhaltung von Arbeitshygiene bei Umgang mit erkrankten oder toten Wildtieren (OP-Maske, Gummihandschuhe als Mindeststandard)<\/li>\n<li style=\"font-weight: 400;\">Arbeits- und K\u00fcchenhygiene bei Umgang mit Wildbret w\u00e4hrend Vorbereitung und Zubereitung<\/li>\n<li style=\"font-weight: 400;\">Wildgerichte nur gut durchgegart verzehren<\/li>\n<\/ul>\n<p style=\"font-weight: 400;\">Die Tular\u00e4mie bei Hasen und Kaninchen ist eine meldepflichtige Tierkrankheit. Der Erregernachweis aus menschlichen Erkrankungsf\u00e4llen ist gem. \u00a7 7 Abs. 1 Infektionsschutzgesetz meldepflichtig.\u00a0<\/p>\n<p>\t\t\t<a href=\"https:\/\/www.rki.de\/DE\/Content\/Infekt\/EpidBull\/Merkblaetter\/Ratgeber_Tularaemie.html\" target=\"_blank\" role=\"button\" rel=\"noopener\"><br \/>\n\t\t\t\t\t\tWeitere Infos zur Tular\u00e4mie finden Sie hier<br \/>\n\t\t\t\t\t<\/a><br \/>\n\t\t\t<iframe src=\"https:\/\/docs.google.com\/viewer?url=http:\/\/www.xn--jgerschaft-schleiz-ltb.de\/WP_js-schleiz\/wp-content\/uploads\/2022\/06\/2022-06-09-VERBINFO-Jagdpolitik.pdf&amp;embedded=true\" style=\"display: block; margin-left: auto; margin-right: auto; width: 640px; height: 1020px;\" frameborder=\"1\" marginheight=\"0px\" marginwidth=\"0px\" allowfullscreen><\/iframe>\t\t<\/p>\n<h3>Im Zeitraum Februar bis April 2022 fanden durch die DJV-Online-Akademie drei Vortragsreihen unter der Thematik \u201eWildtiere und Mensch \u2013 Spannungsfelder und L\u00f6sungswege\u201c statt.<\/h3>\n<h3>Teil 1: Wildschaden im Wald: konflikttr\u00e4chtig \u2013 faire L\u00f6sungen gefragt<\/h3>\n<h3>Teil 2: Rotwild in der Inzuchtfalle?<\/h3>\n<h3>Teil 3: Wild\u00f6kologische Raumplanung<\/h3>\n<h3>\u00a0<\/h3>\n<h3>Teil 1 bringt schwerpunktm\u00e4\u00dfig die Suche nach fairen L\u00f6sungen in einem spannungsgeladenen Problemfeld in den Mittelpunkt. Pr\u00e4ventive Ma\u00dfnahmen in Jagd und Waldbau werden von Lennart Hatesohl (ForstIng., Niedersachsen) dargelegt, Dr. Rudi Suchant (Forstliche Versuchsanstalt B-W) gibt Informationen zur Beurteilung von Wildsch\u00e4den<\/h3>\n<h3>In Teil 2 legt Prof. Nico Balkenhol (Uni G\u00f6ttigen die genetischen Auswirkungen der zunehmenden Landschaftszerschneidung in Deutschland (dies macht auch vor Th\u00fcringen nicht halt) dar. Prof. Reiner (Uni Gie\u00dfen) zeigt Wege f\u00fcr den genetischen Austausch auf.<\/h3>\n<h3>Insbesondere Teil 3 zeigt m\u00f6gliche L\u00f6sungswege auf, die aber die \u00dcberwindung kleinfl\u00e4chigen Vorgartendenkens voraussetzen. Prof. Klaus Hackl\u00e4nder (Uni Boku Wien) gibt hierzu echte Denkanst\u00f6\u00dfe, deren Umsetzung auch f\u00fcr unser Bundesland durchaus interessante L\u00f6sungen im Rahmen der beim Waldumbau anstehenden Aufgaben aufzeigt. Till Krauhausen (Bsc. Agrar, LJV Hessen) zeigt ein Praxisbeispiel aus dem Krofdorfer Forst.<\/h3>\n<h3>Alle Beitr\u00e4ge beinhalten auch eine Frage-Antwort-Runde, die f\u00fcr jeden Interessenten sehr viele zus\u00e4tzliche und praxisbezogene Informationen enthalten.<\/h3>\n<h3>\u00a0<\/h3>\n<h3>Sie k\u00f6nnen alle Vortragsveranstaltungen auf der Homepage des Deutschen Jagdverbandes einsehen.<\/h3>\n<h3>Nutzen Sie die Vortragsreihe nicht nur zur Erweiterung eigenen Wissens, sondern geben Sie den Link auch weiter an Vertreter aus Politik und Beh\u00f6rden.<\/h3>\n<h2>Hier der direkte Link:\u00a0<\/h2>\n<p>\t\t\t<a href=\"https:\/\/akademie.jagdverband.we-bcast.de\/videos\/\"><br \/>\n\t\t\t\t\t\t<\/a><\/p>\n<style>\/*! elementor - v3.7.1 - 14-08-2022 *\/\n.elementor-toggle{text-align:left}.elementor-toggle .elementor-tab-title{font-weight:700;line-height:1;margin:0;padding:15px;border-bottom:1px solid #d4d4d4;cursor:pointer;outline:none}.elementor-toggle .elementor-tab-title .elementor-toggle-icon{display:inline-block;width:1em}.elementor-toggle .elementor-tab-title .elementor-toggle-icon svg{-webkit-margin-start:-5px;margin-inline-start:-5px;width:1em;height:1em}.elementor-toggle .elementor-tab-title .elementor-toggle-icon.elementor-toggle-icon-right{float:right;text-align:right}.elementor-toggle .elementor-tab-title .elementor-toggle-icon.elementor-toggle-icon-left{float:left;text-align:left}.elementor-toggle .elementor-tab-title .elementor-toggle-icon .elementor-toggle-icon-closed{display:block}.elementor-toggle .elementor-tab-title .elementor-toggle-icon .elementor-toggle-icon-opened{display:none}.elementor-toggle .elementor-tab-title.elementor-active{border-bottom:none}.elementor-toggle .elementor-tab-title.elementor-active .elementor-toggle-icon-closed{display:none}.elementor-toggle .elementor-tab-title.elementor-active .elementor-toggle-icon-opened{display:block}.elementor-toggle .elementor-tab-content{padding:15px;border-bottom:1px solid #d4d4d4;display:none}@media (max-width:767px){.elementor-toggle .elementor-tab-title{padding:12px}.elementor-toggle .elementor-tab-content{padding:12px 10px}}.e-container>.elementor-widget-toggle{width:var(--container-widget-width,100%)}<\/style>\n<p>\t\t\t\t\t\t\t\t\t\t\t\t<a href=\"\">Wildbrethygiene<\/a><\/p>\n<p>Lehrvideo Wildbrethygiene Bedenkliche Merkmale beim Schwarzwild\u2026\u00a0<a style=\"color: #339966;\" href=\"https:\/\/youtu.be\/nhPaxs7kjU8\">https:\/\/youtu.be\/nhPaxs7kjU8<\/a>\u00a0<\/p>\n<p>Lehrvideo Wildbrethygiene Bedenkliche Merkmale beim Rehwild\u2026\u00a0<a style=\"color: #339966;\" href=\"https:\/\/youtu.be\/-5KeMd8NLCY\">https:\/\/youtu.be\/-5KeMd8NLCY<\/a>\u00a0<\/p>\n<p><b>Lehrvideo Wildbrethygiene Rehwild aus der Decke schlagen\u2026<\/b>\u00a0<a style=\"color: #339966;\" href=\"https:\/\/youtu.be\/wO0c3A6J4eQ\">https:\/\/youtu.be\/wO0c3A6J4eQ<\/a><\/p>\n<p><b>Lehrvideo Wildbrethygiene Rehwild grob zerwirken\u2026<\/b>\u00a0<a href=\"https:\/\/youtu.be\/AwimgxVtbaM\">https:\/\/youtu.be\/AwimgxVtbaM<\/a><\/p>\n<p><b>Lehrvideo Wildbrethygiene Schwarzwild abschwarten\u2026<\/b>\u00a0<a style=\"color: #339966;\" href=\"https:\/\/youtu.be\/jKVUDjSn8rM\">https:\/\/youtu.be\/jKVUDjSn8rM<\/a><\/p>\n<p><b>Lehrvideo Wildbrethygiene Schwarzwild grob zerwirken\u2026<\/b>\u00a0<a style=\"color: #339966;\" href=\"https:\/\/youtu.be\/BdZWY2U8Fu8\">https:\/\/youtu.be\/BdZWY2U8Fu8<\/a><\/p>\n<p><b>Lehrvideo Wildbrethygiene Schwarzwild k\u00fcchenfertig zerwirken\u2026<\/b>\u00a0<a style=\"color: #339966;\" href=\"https:\/\/youtu.be\/AQw0RpyoWkQ\">https:\/\/youtu.be\/AQw0RpyoWkQ<\/a><\/p>\n<p><b>Lehrvideo Wildbrethygiene Verpacken und Abgabe von Wildbret\u2026<\/b>\u00a0<a style=\"color: #339966;\" href=\"https:\/\/youtu.be\/NwkkNYtQJ9s\">https:\/\/youtu.be\/NwkkNYtQJ9s<\/a><\/p>\n<p>\t\t\t\t\t\t\t\t\t\t\t\t<a href=\"\">Merkbl\u00e4tter und Formulare<\/a><\/p>\n<p><a href=\"http:\/\/www.xn--jgerschaft-schleiz-ltb.de\/WP_js-schleiz\/wp-content\/uploads\/2022\/02\/TLV_Merkblatt_Wildbret.pdf\" style=\"width: 500px; height: 700px; \" data-width=\"500\" data-height=\"700\"  data-toolbar=\"bottom\" data-toolbar-fixed=\"off\">TLV_Merkblatt_Wildbret<br \/><\/a> <a href=\"http:\/\/www.xn--jgerschaft-schleiz-ltb.de\/WP_js-schleiz\/wp-content\/uploads\/2022\/02\/Untersuchungsauftrag-Blutprobe.pdf\" style=\"width: 500px; height: 700px; \" data-width=\"500\" data-height=\"700\"  data-toolbar=\"bottom\" data-toolbar-fixed=\"off\">Untersuchungsauftrag Blutprobe<br \/><\/a> <a href=\"http:\/\/www.xn--jgerschaft-schleiz-ltb.de\/WP_js-schleiz\/wp-content\/uploads\/2022\/02\/Antrag-auf-Aufwandsentschaedigung.docx\">Antrag auf Aufwandsentsch\u00e4digung<\/a> <a href=\"http:\/\/www.xn--jgerschaft-schleiz-ltb.de\/WP_js-schleiz\/wp-content\/uploads\/2022\/02\/Anlage_1_Erlegung.pdf\" style=\"width: 500px; height: 700px; \" data-width=\"500\" data-height=\"700\"  data-toolbar=\"bottom\" data-toolbar-fixed=\"off\">Anlage_1_Erlegung<br \/><\/a> <a href=\"http:\/\/www.xn--jgerschaft-schleiz-ltb.de\/WP_js-schleiz\/wp-content\/uploads\/2022\/02\/Anlage_2_Jagdhundeeinsatz.pdf\" style=\"width: 500px; height: 700px; \" data-width=\"500\" data-height=\"700\"  data-toolbar=\"bottom\" data-toolbar-fixed=\"off\">Anlage_2_Jagdhundeeinsatz<br \/><\/a> <a href=\"http:\/\/www.xn--jgerschaft-schleiz-ltb.de\/WP_js-schleiz\/wp-content\/uploads\/2022\/02\/FR-ASP-Jagd_mit_Anlagen.pdf\" style=\"width: 500px; height: 700px; \" data-width=\"500\" data-height=\"700\"  data-toolbar=\"bottom\" data-toolbar-fixed=\"off\">FR-ASP-Jagd_mit_Anlagen<br \/><\/a> <a href=\"http:\/\/www.xn--jgerschaft-schleiz-ltb.de\/WP_js-schleiz\/wp-content\/uploads\/2022\/02\/2018-11_Vordruck_Musterformular_Waffenausleihe.pdf\" style=\"width: 500px; height: 700px; \" data-width=\"500\" data-height=\"700\"  data-toolbar=\"bottom\" data-toolbar-fixed=\"off\">2018-11_Vordruck_Musterformular_Waffenausleihe<br \/><\/a> <a href=\"http:\/\/www.xn--jgerschaft-schleiz-ltb.de\/WP_js-schleiz\/wp-content\/uploads\/2022\/02\/Antrag_Foerdermittel_Best._Schweisshundfuehrer_2021_2022.pdf\" style=\"width: 500px; height: 700px; \" data-width=\"500\" data-height=\"700\"  data-toolbar=\"bottom\" data-toolbar-fixed=\"off\">Antrag_Foerdermittel_Best._Schweisshundfuehrer_2021_2022<br \/><\/a> <a href=\"http:\/\/www.xn--jgerschaft-schleiz-ltb.de\/WP_js-schleiz\/wp-content\/uploads\/2022\/02\/Leistungsnachweis_der_Nachsucheeinsaetze_im_Jagdjahr_2021.pdf\" style=\"width: 500px; height: 700px; \" data-width=\"500\" data-height=\"700\"  data-toolbar=\"bottom\" data-toolbar-fixed=\"off\">Leistungsnachweis_der_Nachsucheeinsaetze_im_Jagdjahr_2021<br \/><\/a> <a href=\"http:\/\/www.xn--jgerschaft-schleiz-ltb.de\/WP_js-schleiz\/wp-content\/uploads\/2022\/03\/AufnahmeNeumitglieder.pdf\" style=\"width: 500px; height: 700px; \" data-width=\"500\" data-height=\"700\"  data-toolbar=\"bottom\" data-toolbar-fixed=\"off\">AufnahmeNeumitglieder<br \/><\/a><\/p>\n<p>\t\t\t\t\t\t\t\t\t\t\t\t<a href=\"\">Aktuelles vom Landesjagdverband Th\u00fcringen e. V.<\/a><\/p>\n<h2><a style=\"color: #99cc00;\" tabindex=\"-1\" href=\"https:\/\/www.ljv-thueringen.de\/aktuelles\/\" target=\"_blank\" rel=\"noopener\">ljv-thueringen.de\/aktuelles<\/a><\/h2>\n","protected":false},"excerpt":{"rendered":"<p>Projekte &#8211; Informationen \u00fcber Tierseuchen in Th\u00fcringen (Freistaat Th\u00fcringen, Landesamt f\u00fcr Verbraucherschutz) \u00a0Auf dieser interaktiven Karte sind alle Th\u00fcringer Gemeinden darstellt, in denen positive Aujeszky-Befunde beim Wildschwein vorkamen. Hierbei handelt [&hellip;]<\/p>\n","protected":false},"author":1,"featured_media":0,"parent":0,"menu_order":0,"comment_status":"closed","ping_status":"closed","template":"","meta":{"ocean_post_layout":"","ocean_both_sidebars_style":"","ocean_both_sidebars_content_width":0,"ocean_both_sidebars_sidebars_width":0,"ocean_sidebar":"0","ocean_second_sidebar":"0","ocean_disable_margins":"enable","ocean_add_body_class":"","ocean_shortcode_before_top_bar":"","ocean_shortcode_after_top_bar":"","ocean_shortcode_before_header":"","ocean_shortcode_after_header":"","ocean_has_shortcode":"","ocean_shortcode_after_title":"","ocean_shortcode_before_footer_widgets":"","ocean_shortcode_after_footer_widgets":"","ocean_shortcode_before_footer_bottom":"","ocean_shortcode_after_footer_bottom":"","ocean_display_top_bar":"default","ocean_display_header":"default","ocean_header_style":"","ocean_center_header_left_menu":"0","ocean_custom_header_template":"0","ocean_custom_logo":0,"ocean_custom_retina_logo":0,"ocean_custom_logo_max_width":0,"ocean_custom_logo_tablet_max_width":0,"ocean_custom_logo_mobile_max_width":0,"ocean_custom_logo_max_height":0,"ocean_custom_logo_tablet_max_height":0,"ocean_custom_logo_mobile_max_height":0,"ocean_header_custom_menu":"0","ocean_menu_typo_font_family":"0","ocean_menu_typo_font_subset":"","ocean_menu_typo_font_size":0,"ocean_menu_typo_font_size_tablet":0,"ocean_menu_typo_font_size_mobile":0,"ocean_menu_typo_font_size_unit":"px","ocean_menu_typo_font_weight":"","ocean_menu_typo_font_weight_tablet":"","ocean_menu_typo_font_weight_mobile":"","ocean_menu_typo_transform":"","ocean_menu_typo_transform_tablet":"","ocean_menu_typo_transform_mobile":"","ocean_menu_typo_line_height":0,"ocean_menu_typo_line_height_tablet":0,"ocean_menu_typo_line_height_mobile":0,"ocean_menu_typo_line_height_unit":"","ocean_menu_typo_spacing":0,"ocean_menu_typo_spacing_tablet":0,"ocean_menu_typo_spacing_mobile":0,"ocean_menu_typo_spacing_unit":"","ocean_menu_link_color":"","ocean_menu_link_color_hover":"","ocean_menu_link_color_active":"","ocean_menu_link_background":"","ocean_menu_link_hover_background":"","ocean_menu_link_active_background":"","ocean_menu_social_links_bg":"","ocean_menu_social_hover_links_bg":"","ocean_menu_social_links_color":"","ocean_menu_social_hover_links_color":"","ocean_disable_title":"default","ocean_disable_heading":"default","ocean_post_title":"","ocean_post_subheading":"","ocean_post_title_style":"","ocean_post_title_background_color":"","ocean_post_title_background":0,"ocean_post_title_bg_image_position":"","ocean_post_title_bg_image_attachment":"","ocean_post_title_bg_image_repeat":"","ocean_post_title_bg_image_size":"","ocean_post_title_height":0,"ocean_post_title_bg_overlay":0.5,"ocean_post_title_bg_overlay_color":"","ocean_disable_breadcrumbs":"default","ocean_breadcrumbs_color":"","ocean_breadcrumbs_separator_color":"","ocean_breadcrumbs_links_color":"","ocean_breadcrumbs_links_hover_color":"","ocean_display_footer_widgets":"default","ocean_display_footer_bottom":"default","ocean_custom_footer_template":"0","footnotes":""},"class_list":["post-493","page","type-page","status-publish","hentry","entry"],"jetpack_sharing_enabled":true,"_links":{"self":[{"href":"http:\/\/www.xn--jgerschaft-schleiz-ltb.de\/WP_js-schleiz\/wp-json\/wp\/v2\/pages\/493","targetHints":{"allow":["GET"]}}],"collection":[{"href":"http:\/\/www.xn--jgerschaft-schleiz-ltb.de\/WP_js-schleiz\/wp-json\/wp\/v2\/pages"}],"about":[{"href":"http:\/\/www.xn--jgerschaft-schleiz-ltb.de\/WP_js-schleiz\/wp-json\/wp\/v2\/types\/page"}],"author":[{"embeddable":true,"href":"http:\/\/www.xn--jgerschaft-schleiz-ltb.de\/WP_js-schleiz\/wp-json\/wp\/v2\/users\/1"}],"replies":[{"embeddable":true,"href":"http:\/\/www.xn--jgerschaft-schleiz-ltb.de\/WP_js-schleiz\/wp-json\/wp\/v2\/comments?post=493"}],"version-history":[{"count":75,"href":"http:\/\/www.xn--jgerschaft-schleiz-ltb.de\/WP_js-schleiz\/wp-json\/wp\/v2\/pages\/493\/revisions"}],"predecessor-version":[{"id":805,"href":"http:\/\/www.xn--jgerschaft-schleiz-ltb.de\/WP_js-schleiz\/wp-json\/wp\/v2\/pages\/493\/revisions\/805"}],"wp:attachment":[{"href":"http:\/\/www.xn--jgerschaft-schleiz-ltb.de\/WP_js-schleiz\/wp-json\/wp\/v2\/media?parent=493"}],"curies":[{"name":"wp","href":"https:\/\/api.w.org\/{rel}","templated":true}]}}