{"id":872,"date":"2023-08-28T16:16:08","date_gmt":"2023-08-28T14:16:08","guid":{"rendered":"http:\/\/www.xn--jgerschaft-schleiz-ltb.de\/WP_js-schleiz\/?page_id=872"},"modified":"2025-02-28T21:10:28","modified_gmt":"2025-02-28T20:10:28","slug":"tag-der-jaeger","status":"publish","type":"page","link":"http:\/\/www.xn--jgerschaft-schleiz-ltb.de\/WP_js-schleiz\/tag-der-jaeger\/","title":{"rendered":"Tag der Jagd"},"content":{"rendered":"\t\t<div data-elementor-type=\"wp-page\" data-elementor-id=\"872\" class=\"elementor elementor-872\">\n\t\t\t\t\t\t<section class=\"elementor-section elementor-top-section elementor-element elementor-element-0bf150d elementor-section-boxed elementor-section-height-default elementor-section-height-default\" data-id=\"0bf150d\" data-element_type=\"section\" data-e-type=\"section\">\n\t\t\t\t\t\t<div class=\"elementor-container elementor-column-gap-default\">\n\t\t\t\t\t<div class=\"elementor-column elementor-col-100 elementor-top-column elementor-element elementor-element-a322a25\" data-id=\"a322a25\" data-element_type=\"column\" data-e-type=\"column\">\n\t\t\t<div class=\"elementor-widget-wrap elementor-element-populated\">\n\t\t\t\t\t\t<div class=\"elementor-element elementor-element-3edf1c9 elementor-widget elementor-widget-heading\" data-id=\"3edf1c9\" data-element_type=\"widget\" data-e-type=\"widget\" data-widget_type=\"heading.default\">\n\t\t\t\t<div class=\"elementor-widget-container\">\n\t\t\t\t\t<h2 class=\"elementor-heading-title elementor-size-default\">\ud83c\udf32 Einladung zum Tag der Jagd im Ferienland Crispendorf! \ud83c\udf32<\/h2>\t\t\t\t<\/div>\n\t\t\t\t<\/div>\n\t\t\t\t<div class=\"elementor-element elementor-element-de87d26 elementor-widget elementor-widget-text-editor\" data-id=\"de87d26\" data-element_type=\"widget\" data-e-type=\"widget\" data-widget_type=\"text-editor.default\">\n\t\t\t\t<div class=\"elementor-widget-container\">\n\t\t\t\t\t\t\t\t\t<h1>Wir freuen uns, ank\u00fcndigen zu d\u00fcrfen, dass am 16. August 2025 der Tag der Jagd wieder im malerischen Ferienland Crispendorf stattfindet! \ud83c\udf89<\/h1>\n<h1>Erleben Sie ein buntes Programm f\u00fcr die ganze Familie, bei dem Tradition und moderne Jagdmethoden auf spannende Weise aufeinandertreffen. Ob Jung oder Alt, hier ist f\u00fcr jeden etwas dabei!<\/h1>\n<h1>Genie\u00dfen Sie interessante Vorf\u00fchrungen, Mitmachaktionen und viele weitere \u00dcberraschungen, die Ihnen einen Einblick in die faszinierende Welt der Jagd bieten.<\/h1>\n<h1>Seien Sie dabei und feiern Sie mit uns einen unvergesslichen Tag voller Spa\u00df, Wissen und Gemeinschaft! Wir freuen uns auf Ihr Kommen!\u00a0<\/h1>\n<h1>Herzliche Gr\u00fc\u00dfe,<br \/>Ihre J\u00e4gerschaften Schleiz, P\u00f6\u00dfneck, Bad Lobenstein\u00a0\u00a0<\/h1>\t\t\t\t\t\t\t\t<\/div>\n\t\t\t\t<\/div>\n\t\t\t\t\t<\/div>\n\t\t<\/div>\n\t\t\t\t\t<\/div>\n\t\t<\/section>\n\t\t\t\t<section class=\"elementor-section elementor-top-section elementor-element elementor-element-a87666a elementor-section-boxed elementor-section-height-default elementor-section-height-default\" data-id=\"a87666a\" data-element_type=\"section\" data-e-type=\"section\">\n\t\t\t\t\t\t<div class=\"elementor-container elementor-column-gap-default\">\n\t\t\t\t\t<div class=\"elementor-column elementor-col-100 elementor-top-column elementor-element elementor-element-268236e\" data-id=\"268236e\" data-element_type=\"column\" data-e-type=\"column\">\n\t\t\t<div class=\"elementor-widget-wrap elementor-element-populated\">\n\t\t\t\t\t\t<div class=\"elementor-element elementor-element-3edddf8 elementor-arrows-position-inside elementor-pagination-position-outside elementor-widget elementor-widget-image-carousel\" data-id=\"3edddf8\" data-element_type=\"widget\" data-e-type=\"widget\" data-settings=\"{&quot;navigation&quot;:&quot;both&quot;,&quot;autoplay&quot;:&quot;yes&quot;,&quot;pause_on_hover&quot;:&quot;yes&quot;,&quot;pause_on_interaction&quot;:&quot;yes&quot;,&quot;autoplay_speed&quot;:5000,&quot;infinite&quot;:&quot;yes&quot;,&quot;speed&quot;:500}\" data-widget_type=\"image-carousel.default\">\n\t\t\t\t<div class=\"elementor-widget-container\">\n\t\t\t\t\t\t\t<div class=\"elementor-image-carousel-wrapper swiper\" role=\"region\" aria-roledescription=\"carousel\" aria-label=\"Bild Karussell\" dir=\"ltr\">\n\t\t\t<div class=\"elementor-image-carousel swiper-wrapper\" aria-live=\"off\">\n\t\t\t\t\t\t\t\t<div class=\"swiper-slide\" role=\"group\" aria-roledescription=\"slide\" aria-label=\"1 von 3\"><figure class=\"swiper-slide-inner\"><img decoding=\"async\" class=\"swiper-slide-image\" src=\"http:\/\/www.xn--jgerschaft-schleiz-ltb.de\/WP_js-schleiz\/wp-content\/uploads\/2023\/08\/WhatsApp-Bild-2023-08-28-um-16.32.17-150x150.jpg\" alt=\"WhatsApp Bild 2023-08-28 um 16.32.17\" \/><\/figure><\/div><div class=\"swiper-slide\" role=\"group\" aria-roledescription=\"slide\" aria-label=\"2 von 3\"><figure class=\"swiper-slide-inner\"><img decoding=\"async\" class=\"swiper-slide-image\" src=\"http:\/\/www.xn--jgerschaft-schleiz-ltb.de\/WP_js-schleiz\/wp-content\/uploads\/2023\/08\/3-150x150.jpg\" alt=\"3\" \/><\/figure><\/div><div class=\"swiper-slide\" role=\"group\" aria-roledescription=\"slide\" aria-label=\"3 von 3\"><figure class=\"swiper-slide-inner\"><img decoding=\"async\" class=\"swiper-slide-image\" src=\"http:\/\/www.xn--jgerschaft-schleiz-ltb.de\/WP_js-schleiz\/wp-content\/uploads\/2023\/08\/WhatsApp-Bild-2023-08-28-um-16.32.16-150x150.jpg\" alt=\"WhatsApp Bild 2023-08-28 um 16.32.16\" \/><\/figure><\/div>\t\t\t<\/div>\n\t\t\t\t\t\t\t\t\t\t\t\t<div class=\"elementor-swiper-button elementor-swiper-button-prev\" role=\"button\" tabindex=\"0\">\n\t\t\t\t\t\t<i aria-hidden=\"true\" class=\"eicon-chevron-left\"><\/i>\t\t\t\t\t<\/div>\n\t\t\t\t\t<div class=\"elementor-swiper-button elementor-swiper-button-next\" role=\"button\" tabindex=\"0\">\n\t\t\t\t\t\t<i aria-hidden=\"true\" class=\"eicon-chevron-right\"><\/i>\t\t\t\t\t<\/div>\n\t\t\t\t\n\t\t\t\t\t\t\t\t\t<div class=\"swiper-pagination\"><\/div>\n\t\t\t\t\t\t\t\t\t<\/div>\n\t\t\t\t\t\t<\/div>\n\t\t\t\t<\/div>\n\t\t\t\t\t<\/div>\n\t\t<\/div>\n\t\t\t\t\t<\/div>\n\t\t<\/section>\n\t\t\t\t<\/div>\n\t\t","protected":false},"excerpt":{"rendered":"<p>\ud83c\udf32 Einladung zum Tag der Jagd im Ferienland Crispendorf! \ud83c\udf32 Wir freuen uns, ank\u00fcndigen zu d\u00fcrfen, dass am 16. August 2025 der Tag der Jagd wieder im malerischen Ferienland Crispendorf [&hellip;]<\/p>\n","protected":false},"author":1,"featured_media":0,"parent":0,"menu_order":0,"comment_status":"closed","ping_status":"closed","template":"","meta":{"ocean_post_layout":"","ocean_both_sidebars_style":"","ocean_both_sidebars_content_width":0,"ocean_both_sidebars_sidebars_width":0,"ocean_sidebar":"0","ocean_second_sidebar":"0","ocean_disable_margins":"enable","ocean_add_body_class":"","ocean_shortcode_before_top_bar":"","ocean_shortcode_after_top_bar":"","ocean_shortcode_before_header":"","ocean_shortcode_after_header":"","ocean_has_shortcode":"","ocean_shortcode_after_title":"","ocean_shortcode_before_footer_widgets":"","ocean_shortcode_after_footer_widgets":"","ocean_shortcode_before_footer_bottom":"","ocean_shortcode_after_footer_bottom":"","ocean_display_top_bar":"default","ocean_display_header":"default","ocean_header_style":"","ocean_center_header_left_menu":"0","ocean_custom_header_template":"0","ocean_custom_logo":0,"ocean_custom_retina_logo":0,"ocean_custom_logo_max_width":0,"ocean_custom_logo_tablet_max_width":0,"ocean_custom_logo_mobile_max_width":0,"ocean_custom_logo_max_height":0,"ocean_custom_logo_tablet_max_height":0,"ocean_custom_logo_mobile_max_height":0,"ocean_header_custom_menu":"0","ocean_menu_typo_font_family":"0","ocean_menu_typo_font_subset":"","ocean_menu_typo_font_size":0,"ocean_menu_typo_font_size_tablet":0,"ocean_menu_typo_font_size_mobile":0,"ocean_menu_typo_font_size_unit":"px","ocean_menu_typo_font_weight":"","ocean_menu_typo_font_weight_tablet":"","ocean_menu_typo_font_weight_mobile":"","ocean_menu_typo_transform":"","ocean_menu_typo_transform_tablet":"","ocean_menu_typo_transform_mobile":"","ocean_menu_typo_line_height":0,"ocean_menu_typo_line_height_tablet":0,"ocean_menu_typo_line_height_mobile":0,"ocean_menu_typo_line_height_unit":"","ocean_menu_typo_spacing":0,"ocean_menu_typo_spacing_tablet":0,"ocean_menu_typo_spacing_mobile":0,"ocean_menu_typo_spacing_unit":"","ocean_menu_link_color":"","ocean_menu_link_color_hover":"","ocean_menu_link_color_active":"","ocean_menu_link_background":"","ocean_menu_link_hover_background":"","ocean_menu_link_active_background":"","ocean_menu_social_links_bg":"","ocean_menu_social_hover_links_bg":"","ocean_menu_social_links_color":"","ocean_menu_social_hover_links_color":"","ocean_disable_title":"default","ocean_disable_heading":"default","ocean_post_title":"","ocean_post_subheading":"","ocean_post_title_style":"","ocean_post_title_background_color":"","ocean_post_title_background":0,"ocean_post_title_bg_image_position":"","ocean_post_title_bg_image_attachment":"","ocean_post_title_bg_image_repeat":"","ocean_post_title_bg_image_size":"","ocean_post_title_height":0,"ocean_post_title_bg_overlay":0.5,"ocean_post_title_bg_overlay_color":"","ocean_disable_breadcrumbs":"default","ocean_breadcrumbs_color":"","ocean_breadcrumbs_separator_color":"","ocean_breadcrumbs_links_color":"","ocean_breadcrumbs_links_hover_color":"","ocean_display_footer_widgets":"default","ocean_display_footer_bottom":"default","ocean_custom_footer_template":"0","footnotes":""},"class_list":["post-872","page","type-page","status-publish","hentry","entry"],"jetpack_sharing_enabled":true,"_links":{"self":[{"href":"http:\/\/www.xn--jgerschaft-schleiz-ltb.de\/WP_js-schleiz\/wp-json\/wp\/v2\/pages\/872","targetHints":{"allow":["GET"]}}],"collection":[{"href":"http:\/\/www.xn--jgerschaft-schleiz-ltb.de\/WP_js-schleiz\/wp-json\/wp\/v2\/pages"}],"about":[{"href":"http:\/\/www.xn--jgerschaft-schleiz-ltb.de\/WP_js-schleiz\/wp-json\/wp\/v2\/types\/page"}],"author":[{"embeddable":true,"href":"http:\/\/www.xn--jgerschaft-schleiz-ltb.de\/WP_js-schleiz\/wp-json\/wp\/v2\/users\/1"}],"replies":[{"embeddable":true,"href":"http:\/\/www.xn--jgerschaft-schleiz-ltb.de\/WP_js-schleiz\/wp-json\/wp\/v2\/comments?post=872"}],"version-history":[{"count":17,"href":"http:\/\/www.xn--jgerschaft-schleiz-ltb.de\/WP_js-schleiz\/wp-json\/wp\/v2\/pages\/872\/revisions"}],"predecessor-version":[{"id":1013,"href":"http:\/\/www.xn--jgerschaft-schleiz-ltb.de\/WP_js-schleiz\/wp-json\/wp\/v2\/pages\/872\/revisions\/1013"}],"wp:attachment":[{"href":"http:\/\/www.xn--jgerschaft-schleiz-ltb.de\/WP_js-schleiz\/wp-json\/wp\/v2\/media?parent=872"}],"curies":[{"name":"wp","href":"https:\/\/api.w.org\/{rel}","templated":true}]}}